{"id":36,"date":"2024-02-05T12:58:50","date_gmt":"2024-02-05T17:58:50","guid":{"rendered":"https:\/\/boticadeluna.com\/?page_id=36"},"modified":"2025-04-22T10:17:59","modified_gmt":"2025-04-22T15:17:59","slug":"36-2","status":"publish","type":"page","link":"https:\/\/boticadeluna.com\/index.php\/36-2\/","title":{"rendered":"ABOUT"},"content":{"rendered":"\n<figure class=\"wp-block-embed alignfull is-type-video is-provider-youtube wp-block-embed-youtube wp-embed-aspect-16-9 wp-has-aspect-ratio\"><div class=\"wp-block-embed__wrapper\">\n<iframe title=\"\u00bfQu\u00e9 es ginecolog\u00eda natural? - Entrevista con Botica de Luna\" width=\"500\" height=\"281\" src=\"https:\/\/www.youtube.com\/embed\/bFp3RmWE_Ys?feature=oembed\" frameborder=\"0\" allow=\"accelerometer; autoplay; clipboard-write; encrypted-media; gyroscope; picture-in-picture; web-share\" referrerpolicy=\"strict-origin-when-cross-origin\" allowfullscreen><\/iframe>\n<\/div><\/figure>\n\n\n\n<div class=\"wp-block-group alignfull has-accent-background-color has-background has-global-padding is-layout-constrained wp-block-group-is-layout-constrained\" style=\"margin-top:0;margin-bottom:0;padding-top:var(--wp--preset--spacing--50);padding-right:var(--wp--preset--spacing--50);padding-bottom:var(--wp--preset--spacing--50);padding-left:var(--wp--preset--spacing--50)\">\n<div class=\"wp-block-columns alignwide is-layout-flex wp-container-core-columns-layout-1 wp-block-columns-is-layout-flex\">\n<div class=\"wp-block-column is-vertically-aligned-stretch is-layout-flow wp-block-column-is-layout-flow\" style=\"flex-basis:50%\">\n<div class=\"wp-block-group is-vertical is-content-justification-stretch is-layout-flex wp-container-core-group-layout-1 wp-block-group-is-layout-flex\" style=\"min-height:100%\">\n<p><strong>Botica de Luna<\/strong> naci\u00f3 como un proyecto apasionado en 2016 y se ha convertido en una marca que busca apoyar la salud femenina a trav\u00e9s de espacios pedag\u00f3gicos, de la creaci\u00f3n de medicinas herbales y consultas privadas para profundizar en las herramientas que la ginecolog\u00eda natural tiene para nosotras.<\/p>\n\n\n\n<p>Estamos ubicadas en Cali, Colombia, y nuestras medicinas se venden a nivel nacional, haciendo env\u00edos de mensajer\u00eda y est\u00e1n ubicadas en varias tiendas de Cali y Bogot\u00e1. Tenemos m\u00e1s de 30 medicinas herbales desarrolladas a lo largo de estos a\u00f1os, con varias l\u00edneas de trabajo, como son: salud ginecol\u00f3gica, cosm\u00e9tica y energ\u00e9tica.<\/p>\n\n\n\n<p>Nos enfocamos en apoyar mujeres con diversos desbalances como: miomas, quistes, s\u00edndrome de ovario poliqu\u00edstico, s\u00edndrome premenstrual, endometriosis, adenomiosis, recuperaci\u00f3n en post-aborto, tratamientos de fertilidad, infecciones vaginales, infecciones urinarias, bartolinitis, disfunci\u00f3n sexual, baja libido, s\u00edntomas de perimenopausia y menopausia, quistes en senos, desconexi\u00f3n de la energ\u00eda femenina, cuidados preventivos.<\/p>\n<\/div>\n<\/div>\n\n\n\n<div class=\"wp-block-column is-vertically-aligned-center is-layout-flow wp-block-column-is-layout-flow\" style=\"flex-basis:50%\">\n<div class=\"wp-block-cover aligncenter\" style=\"min-height:572px\"><span aria-hidden=\"true\" class=\"wp-block-cover__background has-background-dim\"><\/span><img fetchpriority=\"high\" decoding=\"async\" width=\"683\" height=\"1024\" class=\"wp-block-cover__image-background wp-image-555\" alt=\"\" src=\"https:\/\/boticadeluna.com\/wp-content\/uploads\/2025\/03\/MG_6308-02-683x1024.jpg\" style=\"object-position:53% 22%\" data-object-fit=\"cover\" data-object-position=\"53% 22%\" srcset=\"https:\/\/boticadeluna.com\/wp-content\/uploads\/2025\/03\/MG_6308-02-683x1024.jpg 683w, https:\/\/boticadeluna.com\/wp-content\/uploads\/2025\/03\/MG_6308-02-200x300.jpg 200w, https:\/\/boticadeluna.com\/wp-content\/uploads\/2025\/03\/MG_6308-02-768x1151.jpg 768w, https:\/\/boticadeluna.com\/wp-content\/uploads\/2025\/03\/MG_6308-02-1025x1536.jpg 1025w, https:\/\/boticadeluna.com\/wp-content\/uploads\/2025\/03\/MG_6308-02-1367x2048.jpg 1367w, https:\/\/boticadeluna.com\/wp-content\/uploads\/2025\/03\/MG_6308-02-500x749.jpg 500w, https:\/\/boticadeluna.com\/wp-content\/uploads\/2025\/03\/MG_6308-02-800x1199.jpg 800w, https:\/\/boticadeluna.com\/wp-content\/uploads\/2025\/03\/MG_6308-02-1280x1918.jpg 1280w, https:\/\/boticadeluna.com\/wp-content\/uploads\/2025\/03\/MG_6308-02-1920x2877.jpg 1920w, https:\/\/boticadeluna.com\/wp-content\/uploads\/2025\/03\/MG_6308-02-600x899.jpg 600w, https:\/\/boticadeluna.com\/wp-content\/uploads\/2025\/03\/MG_6308-02-scaled.jpg 1709w\" sizes=\"(max-width: 683px) 100vw, 683px\" \/><div class=\"wp-block-cover__inner-container is-layout-flow wp-block-cover-is-layout-flow\">\n<p class=\"has-text-align-center has-large-font-size\"><\/p>\n<\/div><\/div>\n<\/div>\n<\/div>\n<\/div>\n\n\n\n<div class=\"wp-block-group alignfull has-accent-background-color has-background has-medium-font-size has-global-padding is-layout-constrained wp-block-group-is-layout-constrained\" style=\"margin-top:0;margin-bottom:0;padding-top:var(--wp--preset--spacing--10);padding-right:var(--wp--preset--spacing--60);padding-bottom:var(--wp--preset--spacing--10);padding-left:var(--wp--preset--spacing--60)\">\n<div style=\"height:14px\" aria-hidden=\"true\" class=\"wp-block-spacer\"><\/div>\n\n\n\n<div class=\"wp-block-columns alignwide is-layout-flex wp-container-core-columns-layout-2 wp-block-columns-is-layout-flex\" style=\"padding-right:0;padding-left:0\">\n<div class=\"wp-block-column is-layout-flow wp-block-column-is-layout-flow\">\n<figure class=\"wp-block-image aligncenter size-large is-resized is-style-rounded\"><img decoding=\"async\" width=\"1024\" height=\"992\" src=\"https:\/\/boticadeluna.com\/wp-content\/uploads\/2024\/02\/card-05-1024x992.png\" alt=\"\" class=\"wp-image-88\" style=\"object-fit:cover;width:227px;height:auto\" srcset=\"https:\/\/boticadeluna.com\/wp-content\/uploads\/2024\/02\/card-05-1024x992.png 1024w, https:\/\/boticadeluna.com\/wp-content\/uploads\/2024\/02\/card-05-300x291.png 300w, https:\/\/boticadeluna.com\/wp-content\/uploads\/2024\/02\/card-05-768x744.png 768w, https:\/\/boticadeluna.com\/wp-content\/uploads\/2024\/02\/card-05-1536x1487.png 1536w, https:\/\/boticadeluna.com\/wp-content\/uploads\/2024\/02\/card-05-2048x1983.png 2048w\" sizes=\"(max-width: 1024px) 100vw, 1024px\" \/><\/figure>\n\n\n\n<div class=\"wp-block-group is-vertical is-content-justification-center is-nowrap is-layout-flex wp-container-core-group-layout-3 wp-block-group-is-layout-flex\">\n<p class=\"has-text-align-center has-medium-font-size\"><a href=\"https:\/\/boticadeluna.com\/index.php\/tienda\/\"><strong>MEDICINAS<\/strong> <\/a><\/p>\n<\/div>\n<\/div>\n\n\n\n<div class=\"wp-block-column is-layout-flow wp-block-column-is-layout-flow\">\n<figure class=\"wp-block-image aligncenter size-large is-resized is-style-rounded\"><img decoding=\"async\" width=\"1024\" height=\"1024\" src=\"https:\/\/boticadeluna.com\/wp-content\/uploads\/2025\/04\/iconos-02-1024x1024.png\" alt=\"\" class=\"wp-image-690\" style=\"object-fit:cover;width:220px;height:auto\" srcset=\"https:\/\/boticadeluna.com\/wp-content\/uploads\/2025\/04\/iconos-02-1024x1024.png 1024w, https:\/\/boticadeluna.com\/wp-content\/uploads\/2025\/04\/iconos-02-300x300.png 300w, https:\/\/boticadeluna.com\/wp-content\/uploads\/2025\/04\/iconos-02-150x150.png 150w, https:\/\/boticadeluna.com\/wp-content\/uploads\/2025\/04\/iconos-02-768x768.png 768w, https:\/\/boticadeluna.com\/wp-content\/uploads\/2025\/04\/iconos-02-1536x1536.png 1536w, https:\/\/boticadeluna.com\/wp-content\/uploads\/2025\/04\/iconos-02-2048x2048.png 2048w, https:\/\/boticadeluna.com\/wp-content\/uploads\/2025\/04\/iconos-02-500x500.png 500w, https:\/\/boticadeluna.com\/wp-content\/uploads\/2025\/04\/iconos-02-800x800.png 800w, https:\/\/boticadeluna.com\/wp-content\/uploads\/2025\/04\/iconos-02-1280x1280.png 1280w, https:\/\/boticadeluna.com\/wp-content\/uploads\/2025\/04\/iconos-02-1920x1920.png 1920w, https:\/\/boticadeluna.com\/wp-content\/uploads\/2025\/04\/iconos-02-600x600.png 600w, https:\/\/boticadeluna.com\/wp-content\/uploads\/2025\/04\/iconos-02-100x100.png 100w\" sizes=\"(max-width: 1024px) 100vw, 1024px\" \/><\/figure>\n\n\n\n<div class=\"wp-block-group is-vertical is-content-justification-center is-nowrap is-layout-flex wp-container-core-group-layout-4 wp-block-group-is-layout-flex\">\n<p class=\"has-text-align-center has-medium-font-size\"><a href=\"https:\/\/boticadeluna.com\/index.php\/terapias\/\" data-type=\"page\" data-id=\"695\"><strong>CONSULTAS Y TERAPIAS<\/strong><\/a><strong> <\/strong><\/p>\n<\/div>\n<\/div>\n\n\n\n<div class=\"wp-block-column is-layout-flow wp-block-column-is-layout-flow\">\n<figure class=\"wp-block-image aligncenter size-large is-resized is-style-rounded\"><img loading=\"lazy\" decoding=\"async\" width=\"1024\" height=\"1024\" src=\"https:\/\/boticadeluna.com\/wp-content\/uploads\/2025\/04\/iconos-03-1-1024x1024.png\" alt=\"\" class=\"wp-image-693\" style=\"object-fit:cover;width:219px;height:auto\" srcset=\"https:\/\/boticadeluna.com\/wp-content\/uploads\/2025\/04\/iconos-03-1-1024x1024.png 1024w, https:\/\/boticadeluna.com\/wp-content\/uploads\/2025\/04\/iconos-03-1-300x300.png 300w, https:\/\/boticadeluna.com\/wp-content\/uploads\/2025\/04\/iconos-03-1-150x150.png 150w, https:\/\/boticadeluna.com\/wp-content\/uploads\/2025\/04\/iconos-03-1-768x768.png 768w, https:\/\/boticadeluna.com\/wp-content\/uploads\/2025\/04\/iconos-03-1-1536x1536.png 1536w, https:\/\/boticadeluna.com\/wp-content\/uploads\/2025\/04\/iconos-03-1-2048x2048.png 2048w, https:\/\/boticadeluna.com\/wp-content\/uploads\/2025\/04\/iconos-03-1-500x500.png 500w, https:\/\/boticadeluna.com\/wp-content\/uploads\/2025\/04\/iconos-03-1-800x800.png 800w, https:\/\/boticadeluna.com\/wp-content\/uploads\/2025\/04\/iconos-03-1-1280x1280.png 1280w, https:\/\/boticadeluna.com\/wp-content\/uploads\/2025\/04\/iconos-03-1-1920x1920.png 1920w, https:\/\/boticadeluna.com\/wp-content\/uploads\/2025\/04\/iconos-03-1-600x600.png 600w, https:\/\/boticadeluna.com\/wp-content\/uploads\/2025\/04\/iconos-03-1-100x100.png 100w\" sizes=\"(max-width: 1024px) 100vw, 1024px\" \/><\/figure>\n\n\n\n<div class=\"wp-block-group is-vertical is-content-justification-center is-nowrap is-layout-flex wp-container-core-group-layout-5 wp-block-group-is-layout-flex\">\n<p class=\"has-text-align-center has-medium-font-size\"> <strong><a href=\"https:\/\/boticadeluna.com\/index.php\/envios\/\" data-type=\"page\" data-id=\"696\">ENV\u00cdOS<\/a><\/strong> <\/p>\n<\/div>\n<\/div>\n\n\n\n<div class=\"wp-block-column is-layout-flow wp-block-column-is-layout-flow\">\n<figure class=\"wp-block-image aligncenter size-large is-resized is-style-rounded\"><img loading=\"lazy\" decoding=\"async\" width=\"1024\" height=\"992\" src=\"https:\/\/boticadeluna.com\/wp-content\/uploads\/2024\/02\/card-01-1024x992.png\" alt=\"\" class=\"wp-image-61\" style=\"object-fit:cover;width:225px;height:auto\" srcset=\"https:\/\/boticadeluna.com\/wp-content\/uploads\/2024\/02\/card-01-1024x992.png 1024w, https:\/\/boticadeluna.com\/wp-content\/uploads\/2024\/02\/card-01-300x291.png 300w, https:\/\/boticadeluna.com\/wp-content\/uploads\/2024\/02\/card-01-768x744.png 768w, https:\/\/boticadeluna.com\/wp-content\/uploads\/2024\/02\/card-01-1536x1487.png 1536w, https:\/\/boticadeluna.com\/wp-content\/uploads\/2024\/02\/card-01-2048x1983.png 2048w\" sizes=\"(max-width: 1024px) 100vw, 1024px\" \/><\/figure>\n\n\n\n<div class=\"wp-block-group is-vertical is-content-justification-center is-nowrap is-layout-flex wp-container-core-group-layout-6 wp-block-group-is-layout-flex\">\n<p class=\"has-text-align-center has-medium-font-size\"><strong><a href=\"https:\/\/boticadeluna.com\/index.php\/talleres\/\" data-type=\"page\" data-id=\"57\">TALLERES<\/a><\/strong> <\/p>\n<\/div>\n<\/div>\n\n\n\n<div class=\"wp-block-column is-layout-flow wp-block-column-is-layout-flow\">\n<figure class=\"wp-block-image aligncenter size-large is-resized is-style-rounded\"><img loading=\"lazy\" decoding=\"async\" width=\"1024\" height=\"1024\" src=\"https:\/\/boticadeluna.com\/wp-content\/uploads\/2025\/04\/iconos-01-1-1024x1024.png\" alt=\"\" class=\"wp-image-692\" style=\"object-fit:cover;width:216px;height:auto\" srcset=\"https:\/\/boticadeluna.com\/wp-content\/uploads\/2025\/04\/iconos-01-1-1024x1024.png 1024w, https:\/\/boticadeluna.com\/wp-content\/uploads\/2025\/04\/iconos-01-1-300x300.png 300w, https:\/\/boticadeluna.com\/wp-content\/uploads\/2025\/04\/iconos-01-1-150x150.png 150w, https:\/\/boticadeluna.com\/wp-content\/uploads\/2025\/04\/iconos-01-1-768x768.png 768w, https:\/\/boticadeluna.com\/wp-content\/uploads\/2025\/04\/iconos-01-1-1536x1536.png 1536w, https:\/\/boticadeluna.com\/wp-content\/uploads\/2025\/04\/iconos-01-1-2048x2048.png 2048w, https:\/\/boticadeluna.com\/wp-content\/uploads\/2025\/04\/iconos-01-1-500x500.png 500w, https:\/\/boticadeluna.com\/wp-content\/uploads\/2025\/04\/iconos-01-1-800x800.png 800w, https:\/\/boticadeluna.com\/wp-content\/uploads\/2025\/04\/iconos-01-1-1280x1280.png 1280w, https:\/\/boticadeluna.com\/wp-content\/uploads\/2025\/04\/iconos-01-1-1920x1920.png 1920w, https:\/\/boticadeluna.com\/wp-content\/uploads\/2025\/04\/iconos-01-1-600x600.png 600w, https:\/\/boticadeluna.com\/wp-content\/uploads\/2025\/04\/iconos-01-1-100x100.png 100w\" sizes=\"(max-width: 1024px) 100vw, 1024px\" \/><\/figure>\n\n\n\n<div class=\"wp-block-group is-vertical is-content-justification-center is-nowrap is-layout-flex wp-container-core-group-layout-7 wp-block-group-is-layout-flex\">\n<p class=\"has-text-align-center has-medium-font-size\"> <strong><a href=\"https:\/\/boticadeluna.com\/index.php\/tiendas-fisicas\/\" data-type=\"page\" data-id=\"694\">TIENDAS F\u00cdSICAS<\/a><\/strong> <\/p>\n<\/div>\n<\/div>\n<\/div>\n\n\n\n<div style=\"height:14px\" aria-hidden=\"true\" class=\"wp-block-spacer\"><\/div>\n<\/div>\n","protected":false},"excerpt":{"rendered":"<p>Botica de Luna naci\u00f3 como un proyecto apasionado en 2016 y se ha convertido en una marca que busca apoyar la salud femenina a trav\u00e9s de espacios pedag\u00f3gicos, de la creaci\u00f3n de medicinas herbales y consultas privadas para profundizar en las herramientas que la ginecolog\u00eda natural tiene para nosotras. Estamos ubicadas en Cali, Colombia, y [&hellip;]<\/p>\n","protected":false},"author":2,"featured_media":0,"parent":0,"menu_order":0,"comment_status":"closed","ping_status":"closed","template":"","meta":{"footnotes":""},"jetpack_sharing_enabled":true,"_links":{"self":[{"href":"https:\/\/boticadeluna.com\/index.php\/wp-json\/wp\/v2\/pages\/36"}],"collection":[{"href":"https:\/\/boticadeluna.com\/index.php\/wp-json\/wp\/v2\/pages"}],"about":[{"href":"https:\/\/boticadeluna.com\/index.php\/wp-json\/wp\/v2\/types\/page"}],"author":[{"embeddable":true,"href":"https:\/\/boticadeluna.com\/index.php\/wp-json\/wp\/v2\/users\/2"}],"replies":[{"embeddable":true,"href":"https:\/\/boticadeluna.com\/index.php\/wp-json\/wp\/v2\/comments?post=36"}],"version-history":[{"count":13,"href":"https:\/\/boticadeluna.com\/index.php\/wp-json\/wp\/v2\/pages\/36\/revisions"}],"predecessor-version":[{"id":723,"href":"https:\/\/boticadeluna.com\/index.php\/wp-json\/wp\/v2\/pages\/36\/revisions\/723"}],"wp:attachment":[{"href":"https:\/\/boticadeluna.com\/index.php\/wp-json\/wp\/v2\/media?parent=36"}],"curies":[{"name":"wp","href":"https:\/\/api.w.org\/{rel}","templated":true}]}}