{"id":41,"date":"2024-02-05T13:01:33","date_gmt":"2024-02-05T18:01:33","guid":{"rendered":"https:\/\/boticadeluna.com\/?page_id=41"},"modified":"2025-04-11T14:13:07","modified_gmt":"2025-04-11T19:13:07","slug":"blog","status":"publish","type":"page","link":"https:\/\/boticadeluna.com\/index.php\/blog\/","title":{"rendered":"BLOG"},"content":{"rendered":"\n<div class=\"wp-block-query alignwide is-layout-flow wp-block-query-is-layout-flow\">\n\n\n<div class=\"wp-block-group is-layout-flow wp-block-group-is-layout-flow\" style=\"margin-top:0;margin-bottom:0;padding-top:var(--wp--preset--spacing--50);padding-right:0;padding-bottom:var(--wp--preset--spacing--50);padding-left:0\"><ul class=\"columns-2 alignfull wp-block-post-template is-layout-grid wp-container-core-post-template-layout-1 wp-block-post-template-is-layout-grid\"><li class=\"wp-block-post post-202 post type-post status-publish format-standard has-post-thumbnail hentry category-blog\">\n<figure style=\"aspect-ratio:3\/4; padding-bottom:var(--wp--preset--spacing--20);margin-bottom:0;\" class=\"wp-block-post-featured-image\"><a href=\"https:\/\/boticadeluna.com\/index.php\/2024\/02\/12\/que-es-la-ginecologia-natural\/\" target=\"_self\"  ><img fetchpriority=\"high\" decoding=\"async\" width=\"1200\" height=\"1680\" src=\"https:\/\/boticadeluna.com\/wp-content\/uploads\/2024\/02\/DSC03614_1200px.jpg\" class=\"attachment-post-thumbnail size-post-thumbnail wp-post-image\" alt=\"\u00bfQu\u00e9 es la Ginecolog\u00eda Natural?\" style=\"width:100%;height:100%;object-fit:cover;\" srcset=\"https:\/\/boticadeluna.com\/wp-content\/uploads\/2024\/02\/DSC03614_1200px.jpg 1200w, https:\/\/boticadeluna.com\/wp-content\/uploads\/2024\/02\/DSC03614_1200px-214x300.jpg 214w, https:\/\/boticadeluna.com\/wp-content\/uploads\/2024\/02\/DSC03614_1200px-731x1024.jpg 731w, https:\/\/boticadeluna.com\/wp-content\/uploads\/2024\/02\/DSC03614_1200px-768x1075.jpg 768w, https:\/\/boticadeluna.com\/wp-content\/uploads\/2024\/02\/DSC03614_1200px-1097x1536.jpg 1097w\" sizes=\"(max-width: 1200px) 100vw, 1200px\" \/><\/a><\/figure>\n\n\n<div class=\"wp-block-group is-vertical is-nowrap is-layout-flex wp-container-core-group-layout-3 wp-block-group-is-layout-flex\" style=\"margin-top:var(--wp--preset--spacing--20);padding-top:0\"><h2 class=\"wp-block-post-title has-large-font-size wp-container-content-1\"><a href=\"https:\/\/boticadeluna.com\/index.php\/2024\/02\/12\/que-es-la-ginecologia-natural\/\" target=\"_self\" >\u00bfQu\u00e9 es la Ginecolog\u00eda Natural?<\/a><\/h2>\n\n<div class=\"wp-block-template-part\">\n\n<div class=\"wp-block-group has-global-padding is-layout-constrained wp-block-group-is-layout-constrained\">\n\t\n\t<div class=\"wp-block-group is-content-justification-left is-layout-flex wp-container-core-group-layout-1 wp-block-group-is-layout-flex\">\n\t\t<div class=\"wp-block-post-date\"><time datetime=\"2024-02-12T14:02:16-05:00\"><a href=\"https:\/\/boticadeluna.com\/index.php\/2024\/02\/12\/que-es-la-ginecologia-natural\/\">Feb 12, 2024<\/a><\/time><\/div>\n\n\t\t\n\t\t<p class=\"has-contrast-2-color has-text-color\">\u2014<\/p>\n\t\t\n\n\t\t\n\t\t<p class=\"has-small-font-size has-contrast-2-color has-text-color\">por<\/p>\n\t\t\n\n\t\t<div class=\"wp-block-post-author-name\"><a href=\"https:\/\/boticadeluna.com\/index.php\/author\/alopez\/\" target=\"_self\" class=\"wp-block-post-author-name__link\">admin<\/a><\/div>\n\n\t\t<div class=\"taxonomy-category wp-block-post-terms\"><span class=\"wp-block-post-terms__prefix\">en <\/span><a href=\"https:\/\/boticadeluna.com\/index.php\/category\/blog\/\" rel=\"tag\">BLOG<\/a><\/div>\n\n\t<\/div>\n\t\n<\/div>\n\n\n<\/div>\n\n<div class=\"has-text-color has-contrast-2-color wp-block-post-excerpt has-small-font-size wp-container-content-2\"><p class=\"wp-block-post-excerpt__excerpt\">Video realizado por mi amiga Crista Castellanos\u00a0 Locaciones: Taller de T\u00e9 y La Despensa Tienda Responsable <\/p><\/div>\n\n\n<div style=\"height:0px\" aria-hidden=\"true\" class=\"wp-block-spacer wp-container-content-3\"><\/div>\n<\/div>\n\n<\/li><li class=\"wp-block-post post-210 post type-post status-publish format-standard has-post-thumbnail hentry category-blog\">\n<figure style=\"aspect-ratio:3\/4; padding-bottom:var(--wp--preset--spacing--20);margin-bottom:0;\" class=\"wp-block-post-featured-image\"><a href=\"https:\/\/boticadeluna.com\/index.php\/2024\/02\/12\/nuestros-senos-vital-centro-de-energia-femenina\/\" target=\"_self\"  ><img decoding=\"async\" width=\"960\" height=\"1280\" src=\"https:\/\/boticadeluna.com\/wp-content\/uploads\/2024\/02\/7C4F4779-8C48-4FAE-AA86-0CAEE7921E39.jpeg\" class=\"attachment-post-thumbnail size-post-thumbnail wp-post-image\" alt=\"Nuestros senos, vital centro de energ\u00eda femenina\" style=\"width:100%;height:100%;object-fit:cover;\" srcset=\"https:\/\/boticadeluna.com\/wp-content\/uploads\/2024\/02\/7C4F4779-8C48-4FAE-AA86-0CAEE7921E39.jpeg 960w, https:\/\/boticadeluna.com\/wp-content\/uploads\/2024\/02\/7C4F4779-8C48-4FAE-AA86-0CAEE7921E39-225x300.jpeg 225w, https:\/\/boticadeluna.com\/wp-content\/uploads\/2024\/02\/7C4F4779-8C48-4FAE-AA86-0CAEE7921E39-768x1024.jpeg 768w, https:\/\/boticadeluna.com\/wp-content\/uploads\/2024\/02\/7C4F4779-8C48-4FAE-AA86-0CAEE7921E39-600x800.jpeg 600w\" sizes=\"(max-width: 960px) 100vw, 960px\" \/><\/a><\/figure>\n\n\n<div class=\"wp-block-group is-vertical is-nowrap is-layout-flex wp-container-core-group-layout-6 wp-block-group-is-layout-flex\" style=\"margin-top:var(--wp--preset--spacing--20);padding-top:0\"><h2 class=\"wp-block-post-title has-large-font-size wp-container-content-4\"><a href=\"https:\/\/boticadeluna.com\/index.php\/2024\/02\/12\/nuestros-senos-vital-centro-de-energia-femenina\/\" target=\"_self\" >Nuestros senos, vital centro de energ\u00eda femenina<\/a><\/h2>\n\n<div class=\"wp-block-template-part\">\n\n<div class=\"wp-block-group has-global-padding is-layout-constrained wp-block-group-is-layout-constrained\">\n\t\n\t<div class=\"wp-block-group is-content-justification-left is-layout-flex wp-container-core-group-layout-4 wp-block-group-is-layout-flex\">\n\t\t<div class=\"wp-block-post-date\"><time datetime=\"2024-02-12T14:16:28-05:00\"><a href=\"https:\/\/boticadeluna.com\/index.php\/2024\/02\/12\/nuestros-senos-vital-centro-de-energia-femenina\/\">Feb 12, 2024<\/a><\/time><\/div>\n\n\t\t\n\t\t<p class=\"has-contrast-2-color has-text-color\">\u2014<\/p>\n\t\t\n\n\t\t\n\t\t<p class=\"has-small-font-size has-contrast-2-color has-text-color\">por<\/p>\n\t\t\n\n\t\t<div class=\"wp-block-post-author-name\"><a href=\"https:\/\/boticadeluna.com\/index.php\/author\/yulyg\/\" target=\"_self\" class=\"wp-block-post-author-name__link\">Yuly G<\/a><\/div>\n\n\t\t<div class=\"taxonomy-category wp-block-post-terms\"><span class=\"wp-block-post-terms__prefix\">en <\/span><a href=\"https:\/\/boticadeluna.com\/index.php\/category\/blog\/\" rel=\"tag\">BLOG<\/a><\/div>\n\n\t<\/div>\n\t\n<\/div>\n\n\n<\/div>\n\n<div class=\"has-text-color has-contrast-2-color wp-block-post-excerpt has-small-font-size wp-container-content-5\"><p class=\"wp-block-post-excerpt__excerpt\">Nuestra cultura ha deformado la met\u00e1fora del sustento con el fin de que las mujeres se entreguen a los dem\u00e1s sin sustentarse ellas mismas. Las mujeres dan y dan hasta que el pozo se seca.&nbsp; Si los hombres y mujeres anduvieran con el torso desnudo, ver\u00edamos que la principal herida de las mujeres es la&hellip; <\/p><\/div>\n\n\n<div style=\"height:0px\" aria-hidden=\"true\" class=\"wp-block-spacer wp-container-content-6\"><\/div>\n<\/div>\n\n<\/li><li class=\"wp-block-post post-213 post type-post status-publish format-standard has-post-thumbnail hentry category-blog\">\n<figure style=\"aspect-ratio:3\/4; padding-bottom:var(--wp--preset--spacing--20);margin-bottom:0;\" class=\"wp-block-post-featured-image\"><a href=\"https:\/\/boticadeluna.com\/index.php\/2024\/02\/12\/infecciones-vaginales-parte-i\/\" target=\"_self\"  ><img decoding=\"async\" width=\"458\" height=\"305\" src=\"https:\/\/boticadeluna.com\/wp-content\/uploads\/2024\/02\/0998E31F-C5FD-4893-9682-7F6F45EF208C.jpeg\" class=\"attachment-post-thumbnail size-post-thumbnail wp-post-image\" alt=\"Infecciones Vaginales Parte I\" style=\"width:100%;height:100%;object-fit:cover;\" srcset=\"https:\/\/boticadeluna.com\/wp-content\/uploads\/2024\/02\/0998E31F-C5FD-4893-9682-7F6F45EF208C.jpeg 458w, https:\/\/boticadeluna.com\/wp-content\/uploads\/2024\/02\/0998E31F-C5FD-4893-9682-7F6F45EF208C-300x200.jpeg 300w\" sizes=\"(max-width: 458px) 100vw, 458px\" \/><\/a><\/figure>\n\n\n<div class=\"wp-block-group is-vertical is-nowrap is-layout-flex wp-container-core-group-layout-9 wp-block-group-is-layout-flex\" style=\"margin-top:var(--wp--preset--spacing--20);padding-top:0\"><h2 class=\"wp-block-post-title has-large-font-size wp-container-content-7\"><a href=\"https:\/\/boticadeluna.com\/index.php\/2024\/02\/12\/infecciones-vaginales-parte-i\/\" target=\"_self\" >Infecciones Vaginales Parte I<\/a><\/h2>\n\n<div class=\"wp-block-template-part\">\n\n<div class=\"wp-block-group has-global-padding is-layout-constrained wp-block-group-is-layout-constrained\">\n\t\n\t<div class=\"wp-block-group is-content-justification-left is-layout-flex wp-container-core-group-layout-7 wp-block-group-is-layout-flex\">\n\t\t<div class=\"wp-block-post-date\"><time datetime=\"2024-02-12T14:19:32-05:00\"><a href=\"https:\/\/boticadeluna.com\/index.php\/2024\/02\/12\/infecciones-vaginales-parte-i\/\">Feb 12, 2024<\/a><\/time><\/div>\n\n\t\t\n\t\t<p class=\"has-contrast-2-color has-text-color\">\u2014<\/p>\n\t\t\n\n\t\t\n\t\t<p class=\"has-small-font-size has-contrast-2-color has-text-color\">por<\/p>\n\t\t\n\n\t\t<div class=\"wp-block-post-author-name\"><a href=\"https:\/\/boticadeluna.com\/index.php\/author\/yulyg\/\" target=\"_self\" class=\"wp-block-post-author-name__link\">Yuly G<\/a><\/div>\n\n\t\t<div class=\"taxonomy-category wp-block-post-terms\"><span class=\"wp-block-post-terms__prefix\">en <\/span><a href=\"https:\/\/boticadeluna.com\/index.php\/category\/blog\/\" rel=\"tag\">BLOG<\/a><\/div>\n\n\t<\/div>\n\t\n<\/div>\n\n\n<\/div>\n\n<div class=\"has-text-color has-contrast-2-color wp-block-post-excerpt has-small-font-size wp-container-content-8\"><p class=\"wp-block-post-excerpt__excerpt\">Las infecciones vaginales aparecen con manifestaciones sintom\u00e1ticas cuando hemos llevado el cuerpo al extremo de factores que se juntan, generalmente tiene que ver con un debilitamiento temporal del sistema inmune y un des balance de la flora vaginal y\/o corporal ~ a nivel f\u00edsico ~ y con una violaci\u00f3n de limites personales que sostienen la&hellip; <\/p><\/div>\n\n\n<div style=\"height:0px\" aria-hidden=\"true\" class=\"wp-block-spacer wp-container-content-9\"><\/div>\n<\/div>\n\n<\/li><li class=\"wp-block-post post-216 post type-post status-publish format-standard has-post-thumbnail hentry category-blog\">\n<figure style=\"aspect-ratio:3\/4; padding-bottom:var(--wp--preset--spacing--20);margin-bottom:0;\" class=\"wp-block-post-featured-image\"><a href=\"https:\/\/boticadeluna.com\/index.php\/2024\/02\/12\/amor-y-rosas\/\" target=\"_self\"  ><img loading=\"lazy\" decoding=\"async\" width=\"341\" height=\"426\" src=\"https:\/\/boticadeluna.com\/wp-content\/uploads\/2024\/02\/1192C625-5A41-4CB7-8D8F-B3F3736BCF63.jpeg\" class=\"attachment-post-thumbnail size-post-thumbnail wp-post-image\" alt=\"Amor y Rosas\" style=\"width:100%;height:100%;object-fit:cover;\" srcset=\"https:\/\/boticadeluna.com\/wp-content\/uploads\/2024\/02\/1192C625-5A41-4CB7-8D8F-B3F3736BCF63.jpeg 341w, https:\/\/boticadeluna.com\/wp-content\/uploads\/2024\/02\/1192C625-5A41-4CB7-8D8F-B3F3736BCF63-240x300.jpeg 240w\" sizes=\"(max-width: 341px) 100vw, 341px\" \/><\/a><\/figure>\n\n\n<div class=\"wp-block-group is-vertical is-nowrap is-layout-flex wp-container-core-group-layout-12 wp-block-group-is-layout-flex\" style=\"margin-top:var(--wp--preset--spacing--20);padding-top:0\"><h2 class=\"wp-block-post-title has-large-font-size wp-container-content-10\"><a href=\"https:\/\/boticadeluna.com\/index.php\/2024\/02\/12\/amor-y-rosas\/\" target=\"_self\" >Amor y Rosas<\/a><\/h2>\n\n<div class=\"wp-block-template-part\">\n\n<div class=\"wp-block-group has-global-padding is-layout-constrained wp-block-group-is-layout-constrained\">\n\t\n\t<div class=\"wp-block-group is-content-justification-left is-layout-flex wp-container-core-group-layout-10 wp-block-group-is-layout-flex\">\n\t\t<div class=\"wp-block-post-date\"><time datetime=\"2024-02-12T14:25:15-05:00\"><a href=\"https:\/\/boticadeluna.com\/index.php\/2024\/02\/12\/amor-y-rosas\/\">Feb 12, 2024<\/a><\/time><\/div>\n\n\t\t\n\t\t<p class=\"has-contrast-2-color has-text-color\">\u2014<\/p>\n\t\t\n\n\t\t\n\t\t<p class=\"has-small-font-size has-contrast-2-color has-text-color\">por<\/p>\n\t\t\n\n\t\t<div class=\"wp-block-post-author-name\"><a href=\"https:\/\/boticadeluna.com\/index.php\/author\/yulyg\/\" target=\"_self\" class=\"wp-block-post-author-name__link\">Yuly G<\/a><\/div>\n\n\t\t<div class=\"taxonomy-category wp-block-post-terms\"><span class=\"wp-block-post-terms__prefix\">en <\/span><a href=\"https:\/\/boticadeluna.com\/index.php\/category\/blog\/\" rel=\"tag\">BLOG<\/a><\/div>\n\n\t<\/div>\n\t\n<\/div>\n\n\n<\/div>\n\n<div class=\"has-text-color has-contrast-2-color wp-block-post-excerpt has-small-font-size wp-container-content-11\"><p class=\"wp-block-post-excerpt__excerpt\">La Rosa es por excelencia la medicina del Amor, encarna la energ\u00eda de la compasi\u00f3n y la dulzura, nos ayuda a cruzar portales para entrar en apertura del Chakra Coraz\u00f3n e impulsa y facilita entrar a trabajar el Amor Propio y el Amor Universal (amor consciente, presente y hacia todo lo que nos rodea, consciencia&hellip; <\/p><\/div>\n\n\n<div style=\"height:0px\" aria-hidden=\"true\" class=\"wp-block-spacer wp-container-content-12\"><\/div>\n<\/div>\n\n<\/li><\/ul>\n\n\n<div style=\"margin-top:0;margin-bottom:0;height:var(--wp--preset--spacing--40)\" aria-hidden=\"true\" class=\"wp-block-spacer\"><\/div>\n\n\n<\/div>\n<\/div>\n\n\n\n<div class=\"wp-block-group alignfull has-accent-background-color has-background has-medium-font-size has-global-padding is-layout-constrained wp-block-group-is-layout-constrained\" style=\"margin-top:0;margin-bottom:0;padding-top:var(--wp--preset--spacing--10);padding-right:var(--wp--preset--spacing--60);padding-bottom:var(--wp--preset--spacing--10);padding-left:var(--wp--preset--spacing--60)\">\n<div style=\"height:14px\" aria-hidden=\"true\" class=\"wp-block-spacer\"><\/div>\n\n\n\n<div class=\"wp-block-columns alignwide is-layout-flex wp-container-core-columns-layout-1 wp-block-columns-is-layout-flex\" style=\"padding-right:0;padding-left:0\">\n<div class=\"wp-block-column is-layout-flow wp-block-column-is-layout-flow\">\n<figure class=\"wp-block-image aligncenter size-large is-resized is-style-rounded\"><img loading=\"lazy\" decoding=\"async\" width=\"1024\" height=\"992\" src=\"https:\/\/boticadeluna.com\/wp-content\/uploads\/2024\/02\/card-05-1024x992.png\" alt=\"\" class=\"wp-image-88\" style=\"object-fit:cover;width:227px;height:auto\" srcset=\"https:\/\/boticadeluna.com\/wp-content\/uploads\/2024\/02\/card-05-1024x992.png 1024w, https:\/\/boticadeluna.com\/wp-content\/uploads\/2024\/02\/card-05-300x291.png 300w, https:\/\/boticadeluna.com\/wp-content\/uploads\/2024\/02\/card-05-768x744.png 768w, https:\/\/boticadeluna.com\/wp-content\/uploads\/2024\/02\/card-05-1536x1487.png 1536w, https:\/\/boticadeluna.com\/wp-content\/uploads\/2024\/02\/card-05-2048x1983.png 2048w\" sizes=\"(max-width: 1024px) 100vw, 1024px\" \/><\/figure>\n\n\n\n<div class=\"wp-block-group is-vertical is-content-justification-center is-nowrap is-layout-flex wp-container-core-group-layout-14 wp-block-group-is-layout-flex\">\n<p class=\"has-text-align-center has-medium-font-size\"><a href=\"https:\/\/boticadeluna.com\/index.php\/tienda\/\"><strong>MEDICINAS<\/strong> <\/a><\/p>\n<\/div>\n<\/div>\n\n\n\n<div class=\"wp-block-column is-layout-flow wp-block-column-is-layout-flow\">\n<figure class=\"wp-block-image aligncenter size-large is-resized is-style-rounded\"><img loading=\"lazy\" decoding=\"async\" width=\"1024\" height=\"1024\" src=\"https:\/\/boticadeluna.com\/wp-content\/uploads\/2025\/04\/iconos-02-1024x1024.png\" alt=\"\" class=\"wp-image-690\" style=\"object-fit:cover;width:220px;height:auto\" srcset=\"https:\/\/boticadeluna.com\/wp-content\/uploads\/2025\/04\/iconos-02-1024x1024.png 1024w, https:\/\/boticadeluna.com\/wp-content\/uploads\/2025\/04\/iconos-02-300x300.png 300w, https:\/\/boticadeluna.com\/wp-content\/uploads\/2025\/04\/iconos-02-150x150.png 150w, https:\/\/boticadeluna.com\/wp-content\/uploads\/2025\/04\/iconos-02-768x768.png 768w, https:\/\/boticadeluna.com\/wp-content\/uploads\/2025\/04\/iconos-02-1536x1536.png 1536w, https:\/\/boticadeluna.com\/wp-content\/uploads\/2025\/04\/iconos-02-2048x2048.png 2048w, https:\/\/boticadeluna.com\/wp-content\/uploads\/2025\/04\/iconos-02-500x500.png 500w, https:\/\/boticadeluna.com\/wp-content\/uploads\/2025\/04\/iconos-02-800x800.png 800w, https:\/\/boticadeluna.com\/wp-content\/uploads\/2025\/04\/iconos-02-1280x1280.png 1280w, https:\/\/boticadeluna.com\/wp-content\/uploads\/2025\/04\/iconos-02-1920x1920.png 1920w, https:\/\/boticadeluna.com\/wp-content\/uploads\/2025\/04\/iconos-02-600x600.png 600w, https:\/\/boticadeluna.com\/wp-content\/uploads\/2025\/04\/iconos-02-100x100.png 100w\" sizes=\"(max-width: 1024px) 100vw, 1024px\" \/><\/figure>\n\n\n\n<div class=\"wp-block-group is-vertical is-content-justification-center is-nowrap is-layout-flex wp-container-core-group-layout-15 wp-block-group-is-layout-flex\">\n<p class=\"has-text-align-center has-medium-font-size\"><a href=\"https:\/\/boticadeluna.com\/index.php\/terapias\/\" data-type=\"page\" data-id=\"695\"><strong>CONSULTAS Y TERAPIAS<\/strong><\/a><strong> <\/strong><\/p>\n<\/div>\n<\/div>\n\n\n\n<div class=\"wp-block-column is-layout-flow wp-block-column-is-layout-flow\">\n<figure class=\"wp-block-image aligncenter size-large is-resized is-style-rounded\"><img loading=\"lazy\" decoding=\"async\" width=\"1024\" height=\"1024\" src=\"https:\/\/boticadeluna.com\/wp-content\/uploads\/2025\/04\/iconos-03-1-1024x1024.png\" alt=\"\" class=\"wp-image-693\" style=\"object-fit:cover;width:219px;height:auto\" srcset=\"https:\/\/boticadeluna.com\/wp-content\/uploads\/2025\/04\/iconos-03-1-1024x1024.png 1024w, https:\/\/boticadeluna.com\/wp-content\/uploads\/2025\/04\/iconos-03-1-300x300.png 300w, https:\/\/boticadeluna.com\/wp-content\/uploads\/2025\/04\/iconos-03-1-150x150.png 150w, https:\/\/boticadeluna.com\/wp-content\/uploads\/2025\/04\/iconos-03-1-768x768.png 768w, https:\/\/boticadeluna.com\/wp-content\/uploads\/2025\/04\/iconos-03-1-1536x1536.png 1536w, https:\/\/boticadeluna.com\/wp-content\/uploads\/2025\/04\/iconos-03-1-2048x2048.png 2048w, https:\/\/boticadeluna.com\/wp-content\/uploads\/2025\/04\/iconos-03-1-500x500.png 500w, https:\/\/boticadeluna.com\/wp-content\/uploads\/2025\/04\/iconos-03-1-800x800.png 800w, https:\/\/boticadeluna.com\/wp-content\/uploads\/2025\/04\/iconos-03-1-1280x1280.png 1280w, https:\/\/boticadeluna.com\/wp-content\/uploads\/2025\/04\/iconos-03-1-1920x1920.png 1920w, https:\/\/boticadeluna.com\/wp-content\/uploads\/2025\/04\/iconos-03-1-600x600.png 600w, https:\/\/boticadeluna.com\/wp-content\/uploads\/2025\/04\/iconos-03-1-100x100.png 100w\" sizes=\"(max-width: 1024px) 100vw, 1024px\" \/><\/figure>\n\n\n\n<div class=\"wp-block-group is-vertical is-content-justification-center is-nowrap is-layout-flex wp-container-core-group-layout-16 wp-block-group-is-layout-flex\">\n<p class=\"has-text-align-center has-medium-font-size\"> <strong><a href=\"https:\/\/boticadeluna.com\/index.php\/envios\/\" data-type=\"page\" data-id=\"696\">ENV\u00cdOS<\/a><\/strong> <\/p>\n<\/div>\n<\/div>\n\n\n\n<div class=\"wp-block-column is-layout-flow wp-block-column-is-layout-flow\">\n<figure class=\"wp-block-image aligncenter size-large is-resized is-style-rounded\"><img loading=\"lazy\" decoding=\"async\" width=\"1024\" height=\"992\" src=\"https:\/\/boticadeluna.com\/wp-content\/uploads\/2024\/02\/card-01-1024x992.png\" alt=\"\" class=\"wp-image-61\" style=\"object-fit:cover;width:225px;height:auto\" srcset=\"https:\/\/boticadeluna.com\/wp-content\/uploads\/2024\/02\/card-01-1024x992.png 1024w, https:\/\/boticadeluna.com\/wp-content\/uploads\/2024\/02\/card-01-300x291.png 300w, https:\/\/boticadeluna.com\/wp-content\/uploads\/2024\/02\/card-01-768x744.png 768w, https:\/\/boticadeluna.com\/wp-content\/uploads\/2024\/02\/card-01-1536x1487.png 1536w, https:\/\/boticadeluna.com\/wp-content\/uploads\/2024\/02\/card-01-2048x1983.png 2048w\" sizes=\"(max-width: 1024px) 100vw, 1024px\" \/><\/figure>\n\n\n\n<div class=\"wp-block-group is-vertical is-content-justification-center is-nowrap is-layout-flex wp-container-core-group-layout-17 wp-block-group-is-layout-flex\">\n<p class=\"has-text-align-center has-medium-font-size\"><strong><a href=\"https:\/\/boticadeluna.com\/index.php\/talleres\/\" data-type=\"page\" data-id=\"57\">TALLERES<\/a><\/strong> <\/p>\n<\/div>\n<\/div>\n\n\n\n<div class=\"wp-block-column is-layout-flow wp-block-column-is-layout-flow\">\n<figure class=\"wp-block-image aligncenter size-large is-resized is-style-rounded\"><img loading=\"lazy\" decoding=\"async\" width=\"1024\" height=\"1024\" src=\"https:\/\/boticadeluna.com\/wp-content\/uploads\/2025\/04\/iconos-01-1-1024x1024.png\" alt=\"\" class=\"wp-image-692\" style=\"object-fit:cover;width:216px;height:auto\" srcset=\"https:\/\/boticadeluna.com\/wp-content\/uploads\/2025\/04\/iconos-01-1-1024x1024.png 1024w, https:\/\/boticadeluna.com\/wp-content\/uploads\/2025\/04\/iconos-01-1-300x300.png 300w, https:\/\/boticadeluna.com\/wp-content\/uploads\/2025\/04\/iconos-01-1-150x150.png 150w, https:\/\/boticadeluna.com\/wp-content\/uploads\/2025\/04\/iconos-01-1-768x768.png 768w, https:\/\/boticadeluna.com\/wp-content\/uploads\/2025\/04\/iconos-01-1-1536x1536.png 1536w, https:\/\/boticadeluna.com\/wp-content\/uploads\/2025\/04\/iconos-01-1-2048x2048.png 2048w, https:\/\/boticadeluna.com\/wp-content\/uploads\/2025\/04\/iconos-01-1-500x500.png 500w, https:\/\/boticadeluna.com\/wp-content\/uploads\/2025\/04\/iconos-01-1-800x800.png 800w, https:\/\/boticadeluna.com\/wp-content\/uploads\/2025\/04\/iconos-01-1-1280x1280.png 1280w, https:\/\/boticadeluna.com\/wp-content\/uploads\/2025\/04\/iconos-01-1-1920x1920.png 1920w, https:\/\/boticadeluna.com\/wp-content\/uploads\/2025\/04\/iconos-01-1-600x600.png 600w, https:\/\/boticadeluna.com\/wp-content\/uploads\/2025\/04\/iconos-01-1-100x100.png 100w\" sizes=\"(max-width: 1024px) 100vw, 1024px\" \/><\/figure>\n\n\n\n<div class=\"wp-block-group is-vertical is-content-justification-center is-nowrap is-layout-flex wp-container-core-group-layout-18 wp-block-group-is-layout-flex\">\n<p class=\"has-text-align-center has-medium-font-size\"> <strong><a href=\"https:\/\/boticadeluna.com\/index.php\/tiendas-fisicas\/\" data-type=\"page\" data-id=\"694\">TIENDAS F\u00cdSICAS<\/a><\/strong> <\/p>\n<\/div>\n<\/div>\n<\/div>\n\n\n\n<div style=\"height:14px\" aria-hidden=\"true\" class=\"wp-block-spacer\"><\/div>\n<\/div>\n","protected":false},"excerpt":{"rendered":"","protected":false},"author":1,"featured_media":0,"parent":0,"menu_order":0,"comment_status":"closed","ping_status":"closed","template":"","meta":{"footnotes":""},"jetpack_sharing_enabled":true,"_links":{"self":[{"href":"https:\/\/boticadeluna.com\/index.php\/wp-json\/wp\/v2\/pages\/41"}],"collection":[{"href":"https:\/\/boticadeluna.com\/index.php\/wp-json\/wp\/v2\/pages"}],"about":[{"href":"https:\/\/boticadeluna.com\/index.php\/wp-json\/wp\/v2\/types\/page"}],"author":[{"embeddable":true,"href":"https:\/\/boticadeluna.com\/index.php\/wp-json\/wp\/v2\/users\/1"}],"replies":[{"embeddable":true,"href":"https:\/\/boticadeluna.com\/index.php\/wp-json\/wp\/v2\/comments?post=41"}],"version-history":[{"count":6,"href":"https:\/\/boticadeluna.com\/index.php\/wp-json\/wp\/v2\/pages\/41\/revisions"}],"predecessor-version":[{"id":704,"href":"https:\/\/boticadeluna.com\/index.php\/wp-json\/wp\/v2\/pages\/41\/revisions\/704"}],"wp:attachment":[{"href":"https:\/\/boticadeluna.com\/index.php\/wp-json\/wp\/v2\/media?parent=41"}],"curies":[{"name":"wp","href":"https:\/\/api.w.org\/{rel}","templated":true}]}}