{"id":57,"date":"2024-02-05T15:03:51","date_gmt":"2024-02-05T20:03:51","guid":{"rendered":"https:\/\/boticadeluna.com\/?page_id=57"},"modified":"2025-04-11T14:14:43","modified_gmt":"2025-04-11T19:14:43","slug":"talleres","status":"publish","type":"page","link":"https:\/\/boticadeluna.com\/index.php\/talleres\/","title":{"rendered":"TALLERES"},"content":{"rendered":"\n<div class=\"wp-block-query is-layout-flow wp-block-query-is-layout-flow\"><ul class=\"wp-block-post-template is-layout-flow wp-container-core-post-template-layout-1 wp-block-post-template-is-layout-flow\"><li class=\"wp-block-post post-256 post type-post status-publish format-standard hentry category-taller\">\n<h2 class=\"wp-block-post-title\"><a href=\"https:\/\/boticadeluna.com\/index.php\/2024\/02\/12\/video-formacion-ginecologia-natural-2023\/\" target=\"_self\" >Video Formaci\u00f3n Ginecolog\u00eda Natural 2023<\/a><\/h2>\n\n\n\n<div class=\"wp-block-post-excerpt\"><p class=\"wp-block-post-excerpt__excerpt\">agosto 02, 2023 Video Formaci\u00f2n Ginecologia Natural 2023 2a. Formaci\u00f2n en Ginecologia Natural&nbsp; Enfasis en Infecciones Vaginales&nbsp; Formato: Clases pregrabadas, dos reuniones virtuales en tiempo real, env\u00eco de materiales, material escrito. Temario:&nbsp; 1. Teoria sobre las infecciones vaginales. Causas y sintomas comunes. (Bacterias y hongos)&nbsp; 2. Flora vaginal y sistema inmune.&nbsp; 3. Alimentaci\u00f3n, detox y&hellip; <\/p><\/div>\n\n\n<hr class=\"wp-block-separator has-css-opacity\"\/>\n\n\n<div class=\"wp-block-post-date\"><time datetime=\"2024-02-12T15:25:50-05:00\">febrero 12, 2024<\/time><\/div>\n<\/li><li class=\"wp-block-post post-247 post type-post status-publish format-standard has-post-thumbnail hentry category-taller\">\n<h2 class=\"wp-block-post-title\"><a href=\"https:\/\/boticadeluna.com\/index.php\/2024\/02\/12\/formacion-en-ginecologia-natural-2023\/\" target=\"_self\" >Formaci\u00f3n en Ginecolog\u00eda Natural 2023<\/a><\/h2>\n\n<figure class=\"alignwide wp-block-post-featured-image\"><a href=\"https:\/\/boticadeluna.com\/index.php\/2024\/02\/12\/formacion-en-ginecologia-natural-2023\/\" target=\"_self\"  ><img fetchpriority=\"high\" decoding=\"async\" width=\"1414\" height=\"2000\" src=\"https:\/\/boticadeluna.com\/wp-content\/uploads\/2024\/02\/1.png\" class=\"attachment-post-thumbnail size-post-thumbnail wp-post-image\" alt=\"Formaci\u00f3n en Ginecolog\u00eda Natural 2023\" style=\"object-fit:cover;\" srcset=\"https:\/\/boticadeluna.com\/wp-content\/uploads\/2024\/02\/1.png 1414w, https:\/\/boticadeluna.com\/wp-content\/uploads\/2024\/02\/1-212x300.png 212w, https:\/\/boticadeluna.com\/wp-content\/uploads\/2024\/02\/1-724x1024.png 724w, https:\/\/boticadeluna.com\/wp-content\/uploads\/2024\/02\/1-768x1086.png 768w, https:\/\/boticadeluna.com\/wp-content\/uploads\/2024\/02\/1-1086x1536.png 1086w, https:\/\/boticadeluna.com\/wp-content\/uploads\/2024\/02\/1-600x849.png 600w\" sizes=\"(max-width: 1414px) 100vw, 1414px\" \/><\/a><\/figure>\n\n<div class=\"wp-block-post-excerpt\"><p class=\"wp-block-post-excerpt__excerpt\"> <\/p><\/div>\n\n\n<hr class=\"wp-block-separator has-css-opacity\"\/>\n\n\n<div class=\"wp-block-post-date\"><time datetime=\"2024-02-12T15:23:51-05:00\">febrero 12, 2024<\/time><\/div>\n<\/li><li class=\"wp-block-post post-235 post type-post status-publish format-standard has-post-thumbnail hentry category-taller\">\n<h2 class=\"wp-block-post-title\"><a href=\"https:\/\/boticadeluna.com\/index.php\/2024\/02\/12\/formacion-en-ginecologia-natural-2022\/\" target=\"_self\" >Formaci\u00f3n en Ginecolog\u00eda Natural 2022<\/a><\/h2>\n\n<figure class=\"alignwide wp-block-post-featured-image\"><a href=\"https:\/\/boticadeluna.com\/index.php\/2024\/02\/12\/formacion-en-ginecologia-natural-2022\/\" target=\"_self\"  ><img decoding=\"async\" width=\"421\" height=\"596\" src=\"https:\/\/boticadeluna.com\/wp-content\/uploads\/2024\/02\/formacion-en-ginecologia-natural-1.jpg\" class=\"attachment-post-thumbnail size-post-thumbnail wp-post-image\" alt=\"Formaci\u00f3n en Ginecolog\u00eda Natural 2022\" style=\"object-fit:cover;\" srcset=\"https:\/\/boticadeluna.com\/wp-content\/uploads\/2024\/02\/formacion-en-ginecologia-natural-1.jpg 421w, https:\/\/boticadeluna.com\/wp-content\/uploads\/2024\/02\/formacion-en-ginecologia-natural-1-212x300.jpg 212w\" sizes=\"(max-width: 421px) 100vw, 421px\" \/><\/a><\/figure>\n\n<div class=\"wp-block-post-excerpt\"><p class=\"wp-block-post-excerpt__excerpt\"> <\/p><\/div>\n\n\n<hr class=\"wp-block-separator has-css-opacity\"\/>\n\n\n<div class=\"wp-block-post-date\"><time datetime=\"2024-02-12T15:15:31-05:00\">febrero 12, 2024<\/time><\/div>\n<\/li><li class=\"wp-block-post post-232 post type-post status-publish format-standard has-post-thumbnail hentry category-taller\">\n<h2 class=\"wp-block-post-title\"><a href=\"https:\/\/boticadeluna.com\/index.php\/2024\/02\/12\/formacion-en-ginecologia-natural-ultimo-encuentro-del-2022\/\" target=\"_self\" >Formaci\u00f3n en Ginecolog\u00eda Natural. Ultimo encuentro del 2022<\/a><\/h2>\n\n<figure class=\"alignwide wp-block-post-featured-image\"><a href=\"https:\/\/boticadeluna.com\/index.php\/2024\/02\/12\/formacion-en-ginecologia-natural-ultimo-encuentro-del-2022\/\" target=\"_self\"  ><img decoding=\"async\" width=\"474\" height=\"474\" src=\"https:\/\/boticadeluna.com\/wp-content\/uploads\/2024\/02\/formacion-en-ginecologia-natural.jpg\" class=\"attachment-post-thumbnail size-post-thumbnail wp-post-image\" alt=\"Formaci\u00f3n en Ginecolog\u00eda Natural. Ultimo encuentro del 2022\" style=\"object-fit:cover;\" srcset=\"https:\/\/boticadeluna.com\/wp-content\/uploads\/2024\/02\/formacion-en-ginecologia-natural.jpg 474w, https:\/\/boticadeluna.com\/wp-content\/uploads\/2024\/02\/formacion-en-ginecologia-natural-300x300.jpg 300w, https:\/\/boticadeluna.com\/wp-content\/uploads\/2024\/02\/formacion-en-ginecologia-natural-150x150.jpg 150w, https:\/\/boticadeluna.com\/wp-content\/uploads\/2024\/02\/formacion-en-ginecologia-natural-100x100.jpg 100w\" sizes=\"(max-width: 474px) 100vw, 474px\" \/><\/a><\/figure>\n\n<div class=\"wp-block-post-excerpt\"><p class=\"wp-block-post-excerpt__excerpt\"> <\/p><\/div>\n\n\n<hr class=\"wp-block-separator has-css-opacity\"\/>\n\n\n<div class=\"wp-block-post-date\"><time datetime=\"2024-02-12T15:02:16-05:00\">febrero 12, 2024<\/time><\/div>\n<\/li><li class=\"wp-block-post post-229 post type-post status-publish format-standard has-post-thumbnail hentry category-taller\">\n<h2 class=\"wp-block-post-title\"><a href=\"https:\/\/boticadeluna.com\/index.php\/2024\/02\/12\/taller-teorico-practico-tinturas-herbales-para-la-mujer-siete-plantas-siete-tinturas\/\" target=\"_self\" >Taller Te\u00f3rico &amp; Practico. Tinturas Herbales para la Mujer. Siete Plantas, Siete Tinturas<\/a><\/h2>\n\n<figure class=\"alignwide wp-block-post-featured-image\"><a href=\"https:\/\/boticadeluna.com\/index.php\/2024\/02\/12\/taller-teorico-practico-tinturas-herbales-para-la-mujer-siete-plantas-siete-tinturas\/\" target=\"_self\"  ><img loading=\"lazy\" decoding=\"async\" width=\"1080\" height=\"1080\" src=\"https:\/\/boticadeluna.com\/wp-content\/uploads\/2024\/02\/ginecologia-natural-6.png\" class=\"attachment-post-thumbnail size-post-thumbnail wp-post-image\" alt=\"Taller Te\u00f3rico &amp; Practico. Tinturas Herbales para la Mujer. Siete Plantas, Siete Tinturas\" style=\"object-fit:cover;\" srcset=\"https:\/\/boticadeluna.com\/wp-content\/uploads\/2024\/02\/ginecologia-natural-6.png 1080w, https:\/\/boticadeluna.com\/wp-content\/uploads\/2024\/02\/ginecologia-natural-6-300x300.png 300w, https:\/\/boticadeluna.com\/wp-content\/uploads\/2024\/02\/ginecologia-natural-6-1024x1024.png 1024w, https:\/\/boticadeluna.com\/wp-content\/uploads\/2024\/02\/ginecologia-natural-6-150x150.png 150w, https:\/\/boticadeluna.com\/wp-content\/uploads\/2024\/02\/ginecologia-natural-6-768x768.png 768w, https:\/\/boticadeluna.com\/wp-content\/uploads\/2024\/02\/ginecologia-natural-6-600x600.png 600w, https:\/\/boticadeluna.com\/wp-content\/uploads\/2024\/02\/ginecologia-natural-6-100x100.png 100w\" sizes=\"(max-width: 1080px) 100vw, 1080px\" \/><\/a><\/figure>\n\n<div class=\"wp-block-post-excerpt\"><p class=\"wp-block-post-excerpt__excerpt\">S\u00e1bado 29 de Octubre &nbsp; &nbsp; &nbsp; &nbsp; &nbsp; 9 am \u2013 1 pm Casa Mamifera Bogot\u00e0 160.000 Incluye todos los materiales y refrigerio&nbsp; Botica de Luna &amp; Ecosavia Organica Inscripciones 311.8045521 Descripci\u00f3n: Este es un espacio para co-crear medicinas herbales que apoyen a la mujer es su proceso de soberan\u00eda corporal, para crear un&hellip; <\/p><\/div>\n\n\n<hr class=\"wp-block-separator has-css-opacity\"\/>\n\n\n<div class=\"wp-block-post-date\"><time datetime=\"2024-02-12T15:00:20-05:00\">febrero 12, 2024<\/time><\/div>\n<\/li><li class=\"wp-block-post post-222 post type-post status-publish format-standard has-post-thumbnail hentry category-taller\">\n<h2 class=\"wp-block-post-title\"><a href=\"https:\/\/boticadeluna.com\/index.php\/2024\/02\/12\/taller-teorico-practico-la-rueda-herbal-plantas-para-el-ciclo-femenino\/\" target=\"_self\" >Taller Te\u00f3rico &#038; Pr\u00e1ctico La Rueda Herbal. Plantas para el Ciclo Femenino<\/a><\/h2>\n\n<figure class=\"alignwide wp-block-post-featured-image\"><a href=\"https:\/\/boticadeluna.com\/index.php\/2024\/02\/12\/taller-teorico-practico-la-rueda-herbal-plantas-para-el-ciclo-femenino\/\" target=\"_self\"  ><img loading=\"lazy\" decoding=\"async\" width=\"1080\" height=\"1080\" src=\"https:\/\/boticadeluna.com\/wp-content\/uploads\/2024\/02\/Copia-de-Moderno-Instagram-Post-Para-Anunciar-Rebajas-11.jpg\" class=\"attachment-post-thumbnail size-post-thumbnail wp-post-image\" alt=\"Taller Te\u00f3rico &#038; Pr\u00e1ctico La Rueda Herbal. Plantas para el Ciclo Femenino\" style=\"object-fit:cover;\" srcset=\"https:\/\/boticadeluna.com\/wp-content\/uploads\/2024\/02\/Copia-de-Moderno-Instagram-Post-Para-Anunciar-Rebajas-11.jpg 1080w, https:\/\/boticadeluna.com\/wp-content\/uploads\/2024\/02\/Copia-de-Moderno-Instagram-Post-Para-Anunciar-Rebajas-11-300x300.jpg 300w, https:\/\/boticadeluna.com\/wp-content\/uploads\/2024\/02\/Copia-de-Moderno-Instagram-Post-Para-Anunciar-Rebajas-11-1024x1024.jpg 1024w, https:\/\/boticadeluna.com\/wp-content\/uploads\/2024\/02\/Copia-de-Moderno-Instagram-Post-Para-Anunciar-Rebajas-11-150x150.jpg 150w, https:\/\/boticadeluna.com\/wp-content\/uploads\/2024\/02\/Copia-de-Moderno-Instagram-Post-Para-Anunciar-Rebajas-11-768x768.jpg 768w, https:\/\/boticadeluna.com\/wp-content\/uploads\/2024\/02\/Copia-de-Moderno-Instagram-Post-Para-Anunciar-Rebajas-11-600x600.jpg 600w, https:\/\/boticadeluna.com\/wp-content\/uploads\/2024\/02\/Copia-de-Moderno-Instagram-Post-Para-Anunciar-Rebajas-11-100x100.jpg 100w\" sizes=\"(max-width: 1080px) 100vw, 1080px\" \/><\/a><\/figure>\n\n<div class=\"wp-block-post-excerpt\"><p class=\"wp-block-post-excerpt__excerpt\">Por: Juli Umya Organiza: Ecosavia Ciudad: Bogot\u00e1 Fecha: S\u00e1bado 16 de Julio Horario: 10 am-1pm Valor: 130.000 (Incluye materiales y refrigerio) Inscripciones: 311 8045521 Temario: En este encuentro vamos a aprender a sentir y reconectar con nuestra ciclicidad, a tener herramientas emocionales y energ\u00e9ticas, h\u00e1bitos y plantas para acompa\u00f1ar los poderosos momentos de nuestro sistema&hellip; <\/p><\/div>\n\n\n<hr class=\"wp-block-separator has-css-opacity\"\/>\n\n\n<div class=\"wp-block-post-date\"><time datetime=\"2024-02-12T14:40:45-05:00\">febrero 12, 2024<\/time><\/div>\n<\/li><\/ul><\/div>\n\n\n\n<div class=\"wp-block-group alignfull has-accent-background-color has-background has-medium-font-size has-global-padding is-layout-constrained wp-block-group-is-layout-constrained\" style=\"margin-top:0;margin-bottom:0;padding-top:var(--wp--preset--spacing--10);padding-right:var(--wp--preset--spacing--60);padding-bottom:var(--wp--preset--spacing--10);padding-left:var(--wp--preset--spacing--60)\">\n<div style=\"height:14px\" aria-hidden=\"true\" class=\"wp-block-spacer\"><\/div>\n\n\n\n<div class=\"wp-block-columns alignwide is-layout-flex wp-container-core-columns-layout-1 wp-block-columns-is-layout-flex\" style=\"padding-right:0;padding-left:0\">\n<div class=\"wp-block-column is-layout-flow wp-block-column-is-layout-flow\">\n<figure class=\"wp-block-image aligncenter size-large is-resized is-style-rounded\"><img loading=\"lazy\" decoding=\"async\" width=\"1024\" height=\"992\" src=\"https:\/\/boticadeluna.com\/wp-content\/uploads\/2024\/02\/card-05-1024x992.png\" alt=\"\" class=\"wp-image-88\" style=\"object-fit:cover;width:227px;height:auto\" srcset=\"https:\/\/boticadeluna.com\/wp-content\/uploads\/2024\/02\/card-05-1024x992.png 1024w, https:\/\/boticadeluna.com\/wp-content\/uploads\/2024\/02\/card-05-300x291.png 300w, https:\/\/boticadeluna.com\/wp-content\/uploads\/2024\/02\/card-05-768x744.png 768w, https:\/\/boticadeluna.com\/wp-content\/uploads\/2024\/02\/card-05-1536x1487.png 1536w, https:\/\/boticadeluna.com\/wp-content\/uploads\/2024\/02\/card-05-2048x1983.png 2048w\" sizes=\"(max-width: 1024px) 100vw, 1024px\" \/><\/figure>\n\n\n\n<div class=\"wp-block-group is-vertical is-content-justification-center is-nowrap is-layout-flex wp-container-core-group-layout-1 wp-block-group-is-layout-flex\">\n<p class=\"has-text-align-center has-medium-font-size\"><a href=\"https:\/\/boticadeluna.com\/index.php\/tienda\/\"><strong>MEDICINAS<\/strong> <\/a><\/p>\n<\/div>\n<\/div>\n\n\n\n<div class=\"wp-block-column is-layout-flow wp-block-column-is-layout-flow\">\n<figure class=\"wp-block-image aligncenter size-large is-resized is-style-rounded\"><img loading=\"lazy\" decoding=\"async\" width=\"1024\" height=\"1024\" src=\"https:\/\/boticadeluna.com\/wp-content\/uploads\/2025\/04\/iconos-02-1024x1024.png\" alt=\"\" class=\"wp-image-690\" style=\"object-fit:cover;width:220px;height:auto\" srcset=\"https:\/\/boticadeluna.com\/wp-content\/uploads\/2025\/04\/iconos-02-1024x1024.png 1024w, https:\/\/boticadeluna.com\/wp-content\/uploads\/2025\/04\/iconos-02-300x300.png 300w, https:\/\/boticadeluna.com\/wp-content\/uploads\/2025\/04\/iconos-02-150x150.png 150w, https:\/\/boticadeluna.com\/wp-content\/uploads\/2025\/04\/iconos-02-768x768.png 768w, https:\/\/boticadeluna.com\/wp-content\/uploads\/2025\/04\/iconos-02-1536x1536.png 1536w, https:\/\/boticadeluna.com\/wp-content\/uploads\/2025\/04\/iconos-02-2048x2048.png 2048w, https:\/\/boticadeluna.com\/wp-content\/uploads\/2025\/04\/iconos-02-500x500.png 500w, https:\/\/boticadeluna.com\/wp-content\/uploads\/2025\/04\/iconos-02-800x800.png 800w, https:\/\/boticadeluna.com\/wp-content\/uploads\/2025\/04\/iconos-02-1280x1280.png 1280w, https:\/\/boticadeluna.com\/wp-content\/uploads\/2025\/04\/iconos-02-1920x1920.png 1920w, https:\/\/boticadeluna.com\/wp-content\/uploads\/2025\/04\/iconos-02-600x600.png 600w, https:\/\/boticadeluna.com\/wp-content\/uploads\/2025\/04\/iconos-02-100x100.png 100w\" sizes=\"(max-width: 1024px) 100vw, 1024px\" \/><\/figure>\n\n\n\n<div class=\"wp-block-group is-vertical is-content-justification-center is-nowrap is-layout-flex wp-container-core-group-layout-2 wp-block-group-is-layout-flex\">\n<p class=\"has-text-align-center has-medium-font-size\"><a href=\"https:\/\/boticadeluna.com\/index.php\/terapias\/\" data-type=\"page\" data-id=\"695\"><strong>CONSULTAS Y TERAPIAS<\/strong><\/a><strong> <\/strong><\/p>\n<\/div>\n<\/div>\n\n\n\n<div class=\"wp-block-column is-layout-flow wp-block-column-is-layout-flow\">\n<figure class=\"wp-block-image aligncenter size-large is-resized is-style-rounded\"><img loading=\"lazy\" decoding=\"async\" width=\"1024\" height=\"1024\" src=\"https:\/\/boticadeluna.com\/wp-content\/uploads\/2025\/04\/iconos-03-1-1024x1024.png\" alt=\"\" class=\"wp-image-693\" style=\"object-fit:cover;width:219px;height:auto\" srcset=\"https:\/\/boticadeluna.com\/wp-content\/uploads\/2025\/04\/iconos-03-1-1024x1024.png 1024w, https:\/\/boticadeluna.com\/wp-content\/uploads\/2025\/04\/iconos-03-1-300x300.png 300w, https:\/\/boticadeluna.com\/wp-content\/uploads\/2025\/04\/iconos-03-1-150x150.png 150w, https:\/\/boticadeluna.com\/wp-content\/uploads\/2025\/04\/iconos-03-1-768x768.png 768w, https:\/\/boticadeluna.com\/wp-content\/uploads\/2025\/04\/iconos-03-1-1536x1536.png 1536w, https:\/\/boticadeluna.com\/wp-content\/uploads\/2025\/04\/iconos-03-1-2048x2048.png 2048w, https:\/\/boticadeluna.com\/wp-content\/uploads\/2025\/04\/iconos-03-1-500x500.png 500w, https:\/\/boticadeluna.com\/wp-content\/uploads\/2025\/04\/iconos-03-1-800x800.png 800w, https:\/\/boticadeluna.com\/wp-content\/uploads\/2025\/04\/iconos-03-1-1280x1280.png 1280w, https:\/\/boticadeluna.com\/wp-content\/uploads\/2025\/04\/iconos-03-1-1920x1920.png 1920w, https:\/\/boticadeluna.com\/wp-content\/uploads\/2025\/04\/iconos-03-1-600x600.png 600w, https:\/\/boticadeluna.com\/wp-content\/uploads\/2025\/04\/iconos-03-1-100x100.png 100w\" sizes=\"(max-width: 1024px) 100vw, 1024px\" \/><\/figure>\n\n\n\n<div class=\"wp-block-group is-vertical is-content-justification-center is-nowrap is-layout-flex wp-container-core-group-layout-3 wp-block-group-is-layout-flex\">\n<p class=\"has-text-align-center has-medium-font-size\"> <strong><a href=\"https:\/\/boticadeluna.com\/index.php\/envios\/\" data-type=\"page\" data-id=\"696\">ENV\u00cdOS<\/a><\/strong> <\/p>\n<\/div>\n<\/div>\n\n\n\n<div class=\"wp-block-column is-layout-flow wp-block-column-is-layout-flow\">\n<figure class=\"wp-block-image aligncenter size-large is-resized is-style-rounded\"><img loading=\"lazy\" decoding=\"async\" width=\"1024\" height=\"992\" src=\"https:\/\/boticadeluna.com\/wp-content\/uploads\/2024\/02\/card-01-1024x992.png\" alt=\"\" class=\"wp-image-61\" style=\"object-fit:cover;width:225px;height:auto\" srcset=\"https:\/\/boticadeluna.com\/wp-content\/uploads\/2024\/02\/card-01-1024x992.png 1024w, https:\/\/boticadeluna.com\/wp-content\/uploads\/2024\/02\/card-01-300x291.png 300w, https:\/\/boticadeluna.com\/wp-content\/uploads\/2024\/02\/card-01-768x744.png 768w, https:\/\/boticadeluna.com\/wp-content\/uploads\/2024\/02\/card-01-1536x1487.png 1536w, https:\/\/boticadeluna.com\/wp-content\/uploads\/2024\/02\/card-01-2048x1983.png 2048w\" sizes=\"(max-width: 1024px) 100vw, 1024px\" \/><\/figure>\n\n\n\n<div class=\"wp-block-group is-vertical is-content-justification-center is-nowrap is-layout-flex wp-container-core-group-layout-4 wp-block-group-is-layout-flex\">\n<p class=\"has-text-align-center has-medium-font-size\"><strong><a href=\"https:\/\/boticadeluna.com\/index.php\/talleres\/\" data-type=\"page\" data-id=\"57\">TALLERES<\/a><\/strong> <\/p>\n<\/div>\n<\/div>\n\n\n\n<div class=\"wp-block-column is-layout-flow wp-block-column-is-layout-flow\">\n<figure class=\"wp-block-image aligncenter size-large is-resized is-style-rounded\"><img loading=\"lazy\" decoding=\"async\" width=\"1024\" height=\"1024\" src=\"https:\/\/boticadeluna.com\/wp-content\/uploads\/2025\/04\/iconos-01-1-1024x1024.png\" alt=\"\" class=\"wp-image-692\" style=\"object-fit:cover;width:216px;height:auto\" srcset=\"https:\/\/boticadeluna.com\/wp-content\/uploads\/2025\/04\/iconos-01-1-1024x1024.png 1024w, https:\/\/boticadeluna.com\/wp-content\/uploads\/2025\/04\/iconos-01-1-300x300.png 300w, https:\/\/boticadeluna.com\/wp-content\/uploads\/2025\/04\/iconos-01-1-150x150.png 150w, https:\/\/boticadeluna.com\/wp-content\/uploads\/2025\/04\/iconos-01-1-768x768.png 768w, https:\/\/boticadeluna.com\/wp-content\/uploads\/2025\/04\/iconos-01-1-1536x1536.png 1536w, https:\/\/boticadeluna.com\/wp-content\/uploads\/2025\/04\/iconos-01-1-2048x2048.png 2048w, https:\/\/boticadeluna.com\/wp-content\/uploads\/2025\/04\/iconos-01-1-500x500.png 500w, https:\/\/boticadeluna.com\/wp-content\/uploads\/2025\/04\/iconos-01-1-800x800.png 800w, https:\/\/boticadeluna.com\/wp-content\/uploads\/2025\/04\/iconos-01-1-1280x1280.png 1280w, https:\/\/boticadeluna.com\/wp-content\/uploads\/2025\/04\/iconos-01-1-1920x1920.png 1920w, https:\/\/boticadeluna.com\/wp-content\/uploads\/2025\/04\/iconos-01-1-600x600.png 600w, https:\/\/boticadeluna.com\/wp-content\/uploads\/2025\/04\/iconos-01-1-100x100.png 100w\" sizes=\"(max-width: 1024px) 100vw, 1024px\" \/><\/figure>\n\n\n\n<div class=\"wp-block-group is-vertical is-content-justification-center is-nowrap is-layout-flex wp-container-core-group-layout-5 wp-block-group-is-layout-flex\">\n<p class=\"has-text-align-center has-medium-font-size\"> <strong><a href=\"https:\/\/boticadeluna.com\/index.php\/tiendas-fisicas\/\" data-type=\"page\" data-id=\"694\">TIENDAS F\u00cdSICAS<\/a><\/strong> <\/p>\n<\/div>\n<\/div>\n<\/div>\n\n\n\n<div style=\"height:14px\" aria-hidden=\"true\" class=\"wp-block-spacer\"><\/div>\n<\/div>\n","protected":false},"excerpt":{"rendered":"","protected":false},"author":2,"featured_media":0,"parent":0,"menu_order":0,"comment_status":"closed","ping_status":"closed","template":"","meta":{"footnotes":""},"jetpack_sharing_enabled":true,"_links":{"self":[{"href":"https:\/\/boticadeluna.com\/index.php\/wp-json\/wp\/v2\/pages\/57"}],"collection":[{"href":"https:\/\/boticadeluna.com\/index.php\/wp-json\/wp\/v2\/pages"}],"about":[{"href":"https:\/\/boticadeluna.com\/index.php\/wp-json\/wp\/v2\/types\/page"}],"author":[{"embeddable":true,"href":"https:\/\/boticadeluna.com\/index.php\/wp-json\/wp\/v2\/users\/2"}],"replies":[{"embeddable":true,"href":"https:\/\/boticadeluna.com\/index.php\/wp-json\/wp\/v2\/comments?post=57"}],"version-history":[{"count":3,"href":"https:\/\/boticadeluna.com\/index.php\/wp-json\/wp\/v2\/pages\/57\/revisions"}],"predecessor-version":[{"id":705,"href":"https:\/\/boticadeluna.com\/index.php\/wp-json\/wp\/v2\/pages\/57\/revisions\/705"}],"wp:attachment":[{"href":"https:\/\/boticadeluna.com\/index.php\/wp-json\/wp\/v2\/media?parent=57"}],"curies":[{"name":"wp","href":"https:\/\/api.w.org\/{rel}","templated":true}]}}