{"id":696,"date":"2025-04-22T09:46:12","date_gmt":"2025-04-22T14:46:12","guid":{"rendered":"https:\/\/boticadeluna.com\/?page_id=696"},"modified":"2025-08-30T14:20:52","modified_gmt":"2025-08-30T19:20:52","slug":"envios","status":"publish","type":"page","link":"https:\/\/boticadeluna.com\/index.php\/envios\/","title":{"rendered":"Env\u00edos"},"content":{"rendered":"\n<p><\/p>\n\n\n\n<div class=\"wp-block-group alignfull has-accent-2-background-color has-background has-global-padding is-layout-constrained wp-block-group-is-layout-constrained\" style=\"margin-top:0;margin-bottom:0;padding-top:var(--wp--preset--spacing--50);padding-right:var(--wp--preset--spacing--50);padding-bottom:var(--wp--preset--spacing--50);padding-left:var(--wp--preset--spacing--50)\">\n<div class=\"wp-block-columns alignwide is-layout-flex wp-container-core-columns-layout-1 wp-block-columns-is-layout-flex\">\n<div class=\"wp-block-column is-vertically-aligned-center is-layout-flow wp-block-column-is-layout-flow\" style=\"flex-basis:60%\">\n<figure class=\"wp-block-image size-full is-style-rounded wp-duotone-unset-1\"><img fetchpriority=\"high\" decoding=\"async\" width=\"758\" height=\"1137\" src=\"https:\/\/boticadeluna.com\/wp-content\/uploads\/2025\/08\/julianamunozbotica-27.png\" alt=\"\" class=\"wp-image-1002\" style=\"aspect-ratio:4\/3;object-fit:cover\" srcset=\"https:\/\/boticadeluna.com\/wp-content\/uploads\/2025\/08\/julianamunozbotica-27.png 758w, https:\/\/boticadeluna.com\/wp-content\/uploads\/2025\/08\/julianamunozbotica-27-200x300.png 200w, https:\/\/boticadeluna.com\/wp-content\/uploads\/2025\/08\/julianamunozbotica-27-683x1024.png 683w, https:\/\/boticadeluna.com\/wp-content\/uploads\/2025\/08\/julianamunozbotica-27-500x750.png 500w, https:\/\/boticadeluna.com\/wp-content\/uploads\/2025\/08\/julianamunozbotica-27-600x900.png 600w\" sizes=\"(max-width: 758px) 100vw, 758px\" \/><\/figure>\n<\/div>\n\n\n\n<div class=\"wp-block-column is-layout-flow wp-block-column-is-layout-flow\" style=\"flex-basis:40%\">\n<h2 class=\"wp-block-heading has-text-align-center\">Env\u00edos Nacionales Colombia<\/h2>\n\n\n\n<div style=\"height:41px\" aria-hidden=\"true\" class=\"wp-block-spacer\"><\/div>\n\n\n\n<p class=\"has-text-align-center\">Cada medicina es hecha de manera artesanal con amor y paciencia  en peque\u00f1os lotes de producci\u00f3n, el proceso de compra se realiza confirmando la disponibilidad del producto que deseas.<\/p>\n\n\n\n<p class=\"has-text-align-center\">Consulta disponibilidad de nuestros <strong><a href=\"https:\/\/boticadeluna.com\/index.php\/tienda\/\">productos y kits<\/a> <\/strong>en nuestra l\u00ednea de Whatsapp:<\/p>\n\n\n\n<div style=\"height:28px\" aria-hidden=\"true\" class=\"wp-block-spacer\"><\/div>\n\n\n\n<div class=\"wp-block-buttons is-content-justification-center is-layout-flex wp-container-core-buttons-layout-1 wp-block-buttons-is-layout-flex\">\n<div class=\"wp-block-button\"><a class=\"wp-block-button__link wp-element-button\" href=\"https:\/\/wa.me\/573155814603\">REALIZAR PEDIDO<\/a><\/div>\n<\/div>\n\n\n\n<div style=\"height:34px\" aria-hidden=\"true\" class=\"wp-block-spacer\"><\/div>\n\n\n\n<p>Si deseas orientaci\u00f3n personalizada para tu caso o proceso, agenda una <a href=\"https:\/\/boticadeluna.com\/index.php\/terapias\/\"><strong>consulta<\/strong><\/a> personalizada<\/p>\n<\/div>\n<\/div>\n<\/div>\n\n\n\n<div class=\"wp-block-group alignfull has-accent-background-color has-background has-medium-font-size has-global-padding is-layout-constrained wp-block-group-is-layout-constrained\" style=\"margin-top:0;margin-bottom:0;padding-top:var(--wp--preset--spacing--10);padding-right:var(--wp--preset--spacing--60);padding-bottom:var(--wp--preset--spacing--10);padding-left:var(--wp--preset--spacing--60)\">\n<div style=\"height:14px\" aria-hidden=\"true\" class=\"wp-block-spacer\"><\/div>\n\n\n\n<div class=\"wp-block-columns alignwide is-layout-flex wp-container-core-columns-layout-2 wp-block-columns-is-layout-flex\" style=\"padding-right:0;padding-left:0\">\n<div class=\"wp-block-column is-layout-flow wp-block-column-is-layout-flow\">\n<figure class=\"wp-block-image aligncenter size-large is-resized is-style-rounded\"><img decoding=\"async\" width=\"1024\" height=\"992\" src=\"https:\/\/boticadeluna.com\/wp-content\/uploads\/2024\/02\/card-05-1024x992.png\" alt=\"\" class=\"wp-image-88\" style=\"object-fit:cover;width:227px;height:auto\" srcset=\"https:\/\/boticadeluna.com\/wp-content\/uploads\/2024\/02\/card-05-1024x992.png 1024w, https:\/\/boticadeluna.com\/wp-content\/uploads\/2024\/02\/card-05-300x291.png 300w, https:\/\/boticadeluna.com\/wp-content\/uploads\/2024\/02\/card-05-768x744.png 768w, https:\/\/boticadeluna.com\/wp-content\/uploads\/2024\/02\/card-05-1536x1487.png 1536w, https:\/\/boticadeluna.com\/wp-content\/uploads\/2024\/02\/card-05-2048x1983.png 2048w\" sizes=\"(max-width: 1024px) 100vw, 1024px\" \/><\/figure>\n\n\n\n<div class=\"wp-block-group is-vertical is-content-justification-center is-nowrap is-layout-flex wp-container-core-group-layout-2 wp-block-group-is-layout-flex\">\n<p class=\"has-text-align-center has-medium-font-size\"><a href=\"https:\/\/boticadeluna.com\/index.php\/tienda\/\"><strong>MEDICINAS<\/strong> <\/a><\/p>\n<\/div>\n<\/div>\n\n\n\n<div class=\"wp-block-column is-layout-flow wp-block-column-is-layout-flow\">\n<figure class=\"wp-block-image aligncenter size-large is-resized is-style-rounded\"><img decoding=\"async\" width=\"1024\" height=\"1024\" src=\"https:\/\/boticadeluna.com\/wp-content\/uploads\/2025\/04\/iconos-02-1024x1024.png\" alt=\"\" class=\"wp-image-690\" style=\"object-fit:cover;width:220px;height:auto\" srcset=\"https:\/\/boticadeluna.com\/wp-content\/uploads\/2025\/04\/iconos-02-1024x1024.png 1024w, https:\/\/boticadeluna.com\/wp-content\/uploads\/2025\/04\/iconos-02-300x300.png 300w, https:\/\/boticadeluna.com\/wp-content\/uploads\/2025\/04\/iconos-02-150x150.png 150w, https:\/\/boticadeluna.com\/wp-content\/uploads\/2025\/04\/iconos-02-768x768.png 768w, https:\/\/boticadeluna.com\/wp-content\/uploads\/2025\/04\/iconos-02-1536x1536.png 1536w, https:\/\/boticadeluna.com\/wp-content\/uploads\/2025\/04\/iconos-02-2048x2048.png 2048w, https:\/\/boticadeluna.com\/wp-content\/uploads\/2025\/04\/iconos-02-500x500.png 500w, https:\/\/boticadeluna.com\/wp-content\/uploads\/2025\/04\/iconos-02-800x800.png 800w, https:\/\/boticadeluna.com\/wp-content\/uploads\/2025\/04\/iconos-02-1280x1280.png 1280w, https:\/\/boticadeluna.com\/wp-content\/uploads\/2025\/04\/iconos-02-1920x1920.png 1920w, https:\/\/boticadeluna.com\/wp-content\/uploads\/2025\/04\/iconos-02-600x600.png 600w, https:\/\/boticadeluna.com\/wp-content\/uploads\/2025\/04\/iconos-02-100x100.png 100w\" sizes=\"(max-width: 1024px) 100vw, 1024px\" \/><\/figure>\n\n\n\n<div class=\"wp-block-group is-vertical is-content-justification-center is-nowrap is-layout-flex wp-container-core-group-layout-3 wp-block-group-is-layout-flex\">\n<p class=\"has-text-align-center has-medium-font-size\"><a href=\"https:\/\/boticadeluna.com\/index.php\/terapias\/\" data-type=\"page\" data-id=\"695\"><strong>CONSULTAS Y TERAPIAS<\/strong><\/a><strong> <\/strong><\/p>\n<\/div>\n<\/div>\n\n\n\n<div class=\"wp-block-column is-layout-flow wp-block-column-is-layout-flow\">\n<figure class=\"wp-block-image aligncenter size-large is-resized is-style-rounded\"><img loading=\"lazy\" decoding=\"async\" width=\"1024\" height=\"1024\" src=\"https:\/\/boticadeluna.com\/wp-content\/uploads\/2025\/04\/iconos-03-1-1024x1024.png\" alt=\"\" class=\"wp-image-693\" style=\"object-fit:cover;width:219px;height:auto\" srcset=\"https:\/\/boticadeluna.com\/wp-content\/uploads\/2025\/04\/iconos-03-1-1024x1024.png 1024w, https:\/\/boticadeluna.com\/wp-content\/uploads\/2025\/04\/iconos-03-1-300x300.png 300w, https:\/\/boticadeluna.com\/wp-content\/uploads\/2025\/04\/iconos-03-1-150x150.png 150w, https:\/\/boticadeluna.com\/wp-content\/uploads\/2025\/04\/iconos-03-1-768x768.png 768w, https:\/\/boticadeluna.com\/wp-content\/uploads\/2025\/04\/iconos-03-1-1536x1536.png 1536w, https:\/\/boticadeluna.com\/wp-content\/uploads\/2025\/04\/iconos-03-1-2048x2048.png 2048w, https:\/\/boticadeluna.com\/wp-content\/uploads\/2025\/04\/iconos-03-1-500x500.png 500w, https:\/\/boticadeluna.com\/wp-content\/uploads\/2025\/04\/iconos-03-1-800x800.png 800w, https:\/\/boticadeluna.com\/wp-content\/uploads\/2025\/04\/iconos-03-1-1280x1280.png 1280w, https:\/\/boticadeluna.com\/wp-content\/uploads\/2025\/04\/iconos-03-1-1920x1920.png 1920w, https:\/\/boticadeluna.com\/wp-content\/uploads\/2025\/04\/iconos-03-1-600x600.png 600w, https:\/\/boticadeluna.com\/wp-content\/uploads\/2025\/04\/iconos-03-1-100x100.png 100w\" sizes=\"(max-width: 1024px) 100vw, 1024px\" \/><\/figure>\n\n\n\n<div class=\"wp-block-group is-vertical is-content-justification-center is-nowrap is-layout-flex wp-container-core-group-layout-4 wp-block-group-is-layout-flex\">\n<p class=\"has-text-align-center has-medium-font-size\"> <strong><a href=\"https:\/\/boticadeluna.com\/index.php\/envios\/\" data-type=\"page\" data-id=\"696\">ENV\u00cdOS<\/a><\/strong> <\/p>\n<\/div>\n<\/div>\n\n\n\n<div class=\"wp-block-column is-layout-flow wp-block-column-is-layout-flow\">\n<figure class=\"wp-block-image aligncenter size-large is-resized is-style-rounded\"><img loading=\"lazy\" decoding=\"async\" width=\"1024\" height=\"992\" src=\"https:\/\/boticadeluna.com\/wp-content\/uploads\/2024\/02\/card-01-1024x992.png\" alt=\"\" class=\"wp-image-61\" style=\"object-fit:cover;width:225px;height:auto\" srcset=\"https:\/\/boticadeluna.com\/wp-content\/uploads\/2024\/02\/card-01-1024x992.png 1024w, https:\/\/boticadeluna.com\/wp-content\/uploads\/2024\/02\/card-01-300x291.png 300w, https:\/\/boticadeluna.com\/wp-content\/uploads\/2024\/02\/card-01-768x744.png 768w, https:\/\/boticadeluna.com\/wp-content\/uploads\/2024\/02\/card-01-1536x1487.png 1536w, https:\/\/boticadeluna.com\/wp-content\/uploads\/2024\/02\/card-01-2048x1983.png 2048w\" sizes=\"(max-width: 1024px) 100vw, 1024px\" \/><\/figure>\n\n\n\n<div class=\"wp-block-group is-vertical is-content-justification-center is-nowrap is-layout-flex wp-container-core-group-layout-5 wp-block-group-is-layout-flex\">\n<p class=\"has-text-align-center has-medium-font-size\"><strong><a href=\"https:\/\/boticadeluna.com\/index.php\/talleres\/\" data-type=\"page\" data-id=\"57\">TALLERES<\/a><\/strong> <\/p>\n<\/div>\n<\/div>\n\n\n\n<div class=\"wp-block-column is-layout-flow wp-block-column-is-layout-flow\">\n<figure class=\"wp-block-image aligncenter size-large is-resized is-style-rounded\"><img loading=\"lazy\" decoding=\"async\" width=\"1024\" height=\"1024\" src=\"https:\/\/boticadeluna.com\/wp-content\/uploads\/2025\/04\/iconos-01-1-1024x1024.png\" alt=\"\" class=\"wp-image-692\" style=\"object-fit:cover;width:216px;height:auto\" srcset=\"https:\/\/boticadeluna.com\/wp-content\/uploads\/2025\/04\/iconos-01-1-1024x1024.png 1024w, https:\/\/boticadeluna.com\/wp-content\/uploads\/2025\/04\/iconos-01-1-300x300.png 300w, https:\/\/boticadeluna.com\/wp-content\/uploads\/2025\/04\/iconos-01-1-150x150.png 150w, https:\/\/boticadeluna.com\/wp-content\/uploads\/2025\/04\/iconos-01-1-768x768.png 768w, https:\/\/boticadeluna.com\/wp-content\/uploads\/2025\/04\/iconos-01-1-1536x1536.png 1536w, https:\/\/boticadeluna.com\/wp-content\/uploads\/2025\/04\/iconos-01-1-2048x2048.png 2048w, https:\/\/boticadeluna.com\/wp-content\/uploads\/2025\/04\/iconos-01-1-500x500.png 500w, https:\/\/boticadeluna.com\/wp-content\/uploads\/2025\/04\/iconos-01-1-800x800.png 800w, https:\/\/boticadeluna.com\/wp-content\/uploads\/2025\/04\/iconos-01-1-1280x1280.png 1280w, https:\/\/boticadeluna.com\/wp-content\/uploads\/2025\/04\/iconos-01-1-1920x1920.png 1920w, https:\/\/boticadeluna.com\/wp-content\/uploads\/2025\/04\/iconos-01-1-600x600.png 600w, https:\/\/boticadeluna.com\/wp-content\/uploads\/2025\/04\/iconos-01-1-100x100.png 100w\" sizes=\"(max-width: 1024px) 100vw, 1024px\" \/><\/figure>\n\n\n\n<div class=\"wp-block-group is-vertical is-content-justification-center is-nowrap is-layout-flex wp-container-core-group-layout-6 wp-block-group-is-layout-flex\">\n<p class=\"has-text-align-center has-medium-font-size\"> <strong><a href=\"https:\/\/boticadeluna.com\/index.php\/tiendas-fisicas\/\" data-type=\"page\" data-id=\"694\">TIENDAS F\u00cdSICAS<\/a><\/strong> <\/p>\n<\/div>\n<\/div>\n<\/div>\n\n\n\n<div style=\"height:14px\" aria-hidden=\"true\" class=\"wp-block-spacer\"><\/div>\n<\/div>\n","protected":false},"excerpt":{"rendered":"<p>Env\u00edos Nacionales Colombia Cada medicina es hecha de manera artesanal con amor y paciencia en peque\u00f1os lotes de producci\u00f3n, el proceso de compra se realiza confirmando la disponibilidad del producto que deseas. Consulta disponibilidad de nuestros productos y kits en nuestra l\u00ednea de Whatsapp: Si deseas orientaci\u00f3n personalizada para tu caso o proceso, agenda una [&hellip;]<\/p>\n","protected":false},"author":2,"featured_media":0,"parent":0,"menu_order":0,"comment_status":"closed","ping_status":"closed","template":"","meta":{"footnotes":""},"jetpack_sharing_enabled":true,"_links":{"self":[{"href":"https:\/\/boticadeluna.com\/index.php\/wp-json\/wp\/v2\/pages\/696"}],"collection":[{"href":"https:\/\/boticadeluna.com\/index.php\/wp-json\/wp\/v2\/pages"}],"about":[{"href":"https:\/\/boticadeluna.com\/index.php\/wp-json\/wp\/v2\/types\/page"}],"author":[{"embeddable":true,"href":"https:\/\/boticadeluna.com\/index.php\/wp-json\/wp\/v2\/users\/2"}],"replies":[{"embeddable":true,"href":"https:\/\/boticadeluna.com\/index.php\/wp-json\/wp\/v2\/comments?post=696"}],"version-history":[{"count":8,"href":"https:\/\/boticadeluna.com\/index.php\/wp-json\/wp\/v2\/pages\/696\/revisions"}],"predecessor-version":[{"id":1004,"href":"https:\/\/boticadeluna.com\/index.php\/wp-json\/wp\/v2\/pages\/696\/revisions\/1004"}],"wp:attachment":[{"href":"https:\/\/boticadeluna.com\/index.php\/wp-json\/wp\/v2\/media?parent=696"}],"curies":[{"name":"wp","href":"https:\/\/api.w.org\/{rel}","templated":true}]}}