{"id":459,"date":"2024-05-31T12:06:13","date_gmt":"2024-05-31T17:06:13","guid":{"rendered":"https:\/\/boticadeluna.com\/?post_type=product&#038;p=459"},"modified":"2025-08-25T22:53:41","modified_gmt":"2025-08-26T03:53:41","slug":"vapores-vaginales-mujer-venado","status":"publish","type":"product","link":"https:\/\/boticadeluna.com\/index.php\/producto\/vapores-vaginales-mujer-venado\/","title":{"rendered":"Vapores Vaginales Mujer Venado"},"content":{"rendered":"<h4><a href=\"https:\/\/boticadeluna.com\/index.php\/envios\/\"><em><strong>Info de Env\u00edos <\/strong><\/em><\/a>a nivel nacional en Colombia, consulta existencias por<a href=\"https:\/\/wa.me\/573155814603\"> <strong><em>pedido<\/em> <\/strong><img decoding=\"async\" class=\"alignnone wp-image-744\" src=\"https:\/\/boticadeluna.com\/wp-content\/uploads\/2024\/02\/ca3333db3f6eaeadfd40975ccda7fa8e-1-300x298.png\" alt=\"\" width=\"32\" height=\"32\" srcset=\"https:\/\/boticadeluna.com\/wp-content\/uploads\/2024\/02\/ca3333db3f6eaeadfd40975ccda7fa8e-1-300x300.png 300w, https:\/\/boticadeluna.com\/wp-content\/uploads\/2024\/02\/ca3333db3f6eaeadfd40975ccda7fa8e-1-1024x1016.png 1024w, https:\/\/boticadeluna.com\/wp-content\/uploads\/2024\/02\/ca3333db3f6eaeadfd40975ccda7fa8e-1-150x150.png 150w, https:\/\/boticadeluna.com\/wp-content\/uploads\/2024\/02\/ca3333db3f6eaeadfd40975ccda7fa8e-1-768x762.png 768w, https:\/\/boticadeluna.com\/wp-content\/uploads\/2024\/02\/ca3333db3f6eaeadfd40975ccda7fa8e-1-500x496.png 500w, https:\/\/boticadeluna.com\/wp-content\/uploads\/2024\/02\/ca3333db3f6eaeadfd40975ccda7fa8e-1-800x794.png 800w, https:\/\/boticadeluna.com\/wp-content\/uploads\/2024\/02\/ca3333db3f6eaeadfd40975ccda7fa8e-1-600x595.png 600w, https:\/\/boticadeluna.com\/wp-content\/uploads\/2024\/02\/ca3333db3f6eaeadfd40975ccda7fa8e-1-100x100.png 100w, https:\/\/boticadeluna.com\/wp-content\/uploads\/2024\/02\/ca3333db3f6eaeadfd40975ccda7fa8e-1.png 1040w\" sizes=\"(max-width: 32px) 100vw, 32px\" \/><\/a><\/h4>\n<h4><strong><a href=\"https:\/\/www.instagram.com\/reel\/Cxl0a-lsvHL\/?igsh=NDJseXh4ZjcwMzlh\"><em>Video Explicativo\ud83d\udc41\ufe0f\u200d\ud83d\udde8\ufe0f<\/em><\/a><\/strong><\/h4>\n<h4><em><strong>\ud83c\udf3f <\/strong>Modo de uso:<\/em><\/h4>\n<ul>\n<li>Para preparar tus <strong>Vapores Mujer Venado<\/strong> debes usar idealmente una olla esmaltada, de acero inoxidable, barro rojo o refractaria idealmente.<\/li>\n<li>Hierves por 3 minutos la tercera parte del frasco en 2 litros de agua y viertes en una olla de barro rojo o recipiente (acero inoxidable, olla esmaltada o vidrio refractario), -yo vierto el agua con plantas y todo-<\/li>\n<li>Te sientas en la silla (o parada con piernas bien abiertas)<\/li>\n<li>recibes el vapor por 20 minutos seguidos.<\/li>\n<li>Debes quitarte la ropa interior y no recibir fr\u00edos de ninguna clase &#8211; los vapores se suelen hacer en la noche-<\/li>\n<li>Te secas el exceso de humedad y duermes preferiblemente sin ropa interior.<\/li>\n<\/ul>\n<p><span class=\"x1lliihq x1plvlek xryxfnj x1n2onr6 x1ji0vk5 x18bv5gf x193iq5w xeuugli x1fj9vlw x13faqbe x1vvkbs x1s928wv xhkezso x1gmr53x x1cpjm7i x1fgarty x1943h6x x1i0vuye xvs91rp xo1l8bm x5n08af x10wh9bi x1wdrske x8viiok x18hxmgj\" dir=\"auto\"><span class=\"x193iq5w xeuugli x1fj9vlw x13faqbe x1vvkbs xt0psk2 x1i0vuye xvs91rp xo1l8bm x5n08af x10wh9bi x1wdrske x8viiok x18hxmgj\">La Vaporizaciones Vaginales son una medicina preventiva y correctiva que deber\u00eda estar en el Botiqu\u00edn de toda mujer. Nos ayuda en procesos de sanaci\u00f3n de infecciones vaginales y urinarias, para la Bartolinitis, la Cervicitis, la Inflamaci\u00f3n P\u00e9lvica Aguda, apoya en des\u00f3rdenes hormonales como Miomas, SOP o Endometriosis, tambi\u00e9n en casos de Vph, herpes y otras enfermedades virales.<\/span><\/span><\/p>\n<p>Es mejor que los practiques con la asesor\u00eda adecuada por qu\u00e9 no todos los cuerpos y desequilibrios son iguales, tienen algunas contraindicaciones pero son una medicina que nos acompa\u00f1a en todas la culturas ancestrales desde centurias.<\/p>\n<p><strong>\u274c<em>Contraindicaciones:<\/em><\/strong><\/p>\n<ul>\n<li>No tener sangrado o menstruaci\u00f3n<\/li>\n<li>No tener T de cobre o Mirena<\/li>\n<li>No tener ning\u00fan dispositivo intrauterino o intravaginal<\/li>\n<li>Es una limpieza f\u00edsica, energ\u00e9tica y emocional, ideal no tener relaciones sexuales esa noche.<\/li>\n<li>No estar en embarazo<\/li>\n<li>No tener una cirug\u00eda reciente<\/li>\n<li>No tener lesiones<\/li>\n<li>Si sufre de presi\u00f3n alta y no puede recibir vapor caliente<\/li>\n<\/ul>\n<p>{ Aprovecha el momento de hacer tus Vapores para agradecer a tu cuerpo y Utero, para dialogar con ellos, permitirte conectar el Coraz\u00f3n y realmente entregarte a la Conexi\u00f3n y la Sanaci\u00f3n que tu cuerpo pide }<\/p>\n","protected":false},"excerpt":{"rendered":"<h4><\/h4>\n","protected":false},"featured_media":802,"template":"","meta":[],"product_cat":[34],"product_tag":[],"jetpack_sharing_enabled":true,"_links":{"self":[{"href":"https:\/\/boticadeluna.com\/index.php\/wp-json\/wp\/v2\/product\/459"}],"collection":[{"href":"https:\/\/boticadeluna.com\/index.php\/wp-json\/wp\/v2\/product"}],"about":[{"href":"https:\/\/boticadeluna.com\/index.php\/wp-json\/wp\/v2\/types\/product"}],"wp:featuredmedia":[{"embeddable":true,"href":"https:\/\/boticadeluna.com\/index.php\/wp-json\/wp\/v2\/media\/802"}],"wp:attachment":[{"href":"https:\/\/boticadeluna.com\/index.php\/wp-json\/wp\/v2\/media?parent=459"}],"wp:term":[{"taxonomy":"product_cat","embeddable":true,"href":"https:\/\/boticadeluna.com\/index.php\/wp-json\/wp\/v2\/product_cat?post=459"},{"taxonomy":"product_tag","embeddable":true,"href":"https:\/\/boticadeluna.com\/index.php\/wp-json\/wp\/v2\/product_tag?post=459"}],"curies":[{"name":"wp","href":"https:\/\/api.w.org\/{rel}","templated":true}]}}